{"id":3890,"date":"2021-01-21T10:35:27","date_gmt":"2021-01-21T15:35:27","guid":{"rendered":"https:\/\/wg.sunlightchurch.com\/?page_id=3890"},"modified":"2024-03-20T10:50:38","modified_gmt":"2024-03-20T14:50:38","slug":"about","status":"publish","type":"page","link":"https:\/\/wg.sunlightchurch.com\/pt\/about\/","title":{"rendered":"Sobre"},"content":{"rendered":"<div data-elementor-type=\"wp-page\" data-elementor-id=\"3890\" class=\"elementor elementor-3890\" data-elementor-post-type=\"page\">\n\t\t\t\t\t\t<section class=\"elementor-section elementor-top-section elementor-element elementor-element-c991f06 elementor-section-boxed elementor-section-height-default elementor-section-height-default\" data-id=\"c991f06\" data-element_type=\"section\">\n\t\t\t\t\t\t<div class=\"elementor-container elementor-column-gap-default\">\n\t\t\t\t\t<div class=\"elementor-column elementor-col-100 elementor-top-column elementor-element elementor-element-6ce2be4\" data-id=\"6ce2be4\" data-element_type=\"column\">\n\t\t\t<div class=\"elementor-widget-wrap elementor-element-populated\">\n\t\t\t\t\t\t<div class=\"elementor-element elementor-element-f1c921a elementor-widget elementor-widget-image\" data-id=\"f1c921a\" data-element_type=\"widget\" data-widget_type=\"image.default\">\n\t\t\t\t<div class=\"elementor-widget-container\">\n\t\t\t\t\t\t\t\t\t\t\t\t\t\t\t<img decoding=\"async\" src=\"http:\/\/wg.sunlightchurch.com\/wp-content\/uploads\/2020\/03\/shows-banner.001.jpeg\" title=\"\" alt=\"\" loading=\"lazy\" \/>\t\t\t\t\t\t\t\t\t\t\t\t\t\t\t<\/div>\n\t\t\t\t<\/div>\n\t\t\t\t<div class=\"elementor-element elementor-element-a1d8f83 elementor-widget elementor-widget-heading\" data-id=\"a1d8f83\" data-element_type=\"widget\" data-widget_type=\"heading.default\">\n\t\t\t\t<div class=\"elementor-widget-container\">\n\t\t\t\t\t<h1 class=\"elementor-heading-title elementor-size-xl\">Saiba mais sobre a Igreja Comunit\u00e1ria Luz Solar<\/h1>\t\t\t\t<\/div>\n\t\t\t\t<\/div>\n\t\t\t\t\t<\/div>\n\t\t<\/div>\n\t\t\t\t\t<\/div>\n\t\t<\/section>\n\t\t\t\t<section class=\"elementor-section elementor-top-section elementor-element elementor-element-2ed442b elementor-section-boxed elementor-section-height-default elementor-section-height-default\" data-id=\"2ed442b\" data-element_type=\"section\">\n\t\t\t\t\t\t<div class=\"elementor-container elementor-column-gap-default\">\n\t\t\t\t\t<div class=\"elementor-column elementor-col-100 elementor-top-column elementor-element elementor-element-68d3896\" data-id=\"68d3896\" data-element_type=\"column\">\n\t\t\t<div class=\"elementor-widget-wrap elementor-element-populated\">\n\t\t\t\t\t\t<section class=\"elementor-section elementor-inner-section elementor-element elementor-element-db73c4f elementor-section-boxed elementor-section-height-default elementor-section-height-default\" data-id=\"db73c4f\" data-element_type=\"section\">\n\t\t\t\t\t\t<div class=\"elementor-container elementor-column-gap-default\">\n\t\t\t\t\t<div class=\"elementor-column elementor-col-50 elementor-inner-column elementor-element elementor-element-ab7ad62\" data-id=\"ab7ad62\" data-element_type=\"column\">\n\t\t\t<div class=\"elementor-widget-wrap elementor-element-populated\">\n\t\t\t\t\t\t<div class=\"elementor-element elementor-element-d065b40 elementor-widget elementor-widget-text-editor\" data-id=\"d065b40\" data-element_type=\"widget\" data-widget_type=\"text-editor.default\">\n\t\t\t\t<div class=\"elementor-widget-container\">\n\t\t\t\t\t\t\t\t\t<h2 style=\"text-align: center;\">Conhe\u00e7a Jesus.<\/h2><h2 style=\"text-align: center;\">Tornar Jesus conhecido.<\/h2><h2 style=\"text-align: center;\">Viva uma vida de Jesus.<\/h2>\t\t\t\t\t\t\t\t<\/div>\n\t\t\t\t<\/div>\n\t\t\t\t\t<\/div>\n\t\t<\/div>\n\t\t\t\t<div class=\"elementor-column elementor-col-50 elementor-inner-column elementor-element elementor-element-83ee8a3\" data-id=\"83ee8a3\" data-element_type=\"column\">\n\t\t\t<div class=\"elementor-widget-wrap elementor-element-populated\">\n\t\t\t\t\t\t<div class=\"elementor-element elementor-element-6b540f4 elementor-widget elementor-widget-video\" data-id=\"6b540f4\" data-element_type=\"widget\" data-settings=\"{&quot;youtube_url&quot;:&quot;https:\\\/\\\/www.youtube.com\\\/watch?v=h9thXKKzGn0&amp;feature=emb_title&quot;,&quot;video_type&quot;:&quot;youtube&quot;,&quot;controls&quot;:&quot;yes&quot;}\" data-widget_type=\"video.default\">\n\t\t\t\t<div class=\"elementor-widget-container\">\n\t\t\t\t\t\t\t<div class=\"elementor-wrapper elementor-open-inline\">\n\t\t\t<div class=\"elementor-video\"><\/div>\t\t<\/div>\n\t\t\t\t\t\t<\/div>\n\t\t\t\t<\/div>\n\t\t\t\t\t<\/div>\n\t\t<\/div>\n\t\t\t\t\t<\/div>\n\t\t<\/section>\n\t\t\t\t\t<\/div>\n\t\t<\/div>\n\t\t\t\t\t<\/div>\n\t\t<\/section>\n\t\t\t\t<section class=\"elementor-section elementor-top-section elementor-element elementor-element-1b22c58 elementor-section-boxed elementor-section-height-default elementor-section-height-default\" data-id=\"1b22c58\" data-element_type=\"section\">\n\t\t\t\t\t\t<div class=\"elementor-container elementor-column-gap-default\">\n\t\t\t\t\t<div class=\"elementor-column elementor-col-100 elementor-top-column elementor-element elementor-element-0ccf44d\" data-id=\"0ccf44d\" data-element_type=\"column\">\n\t\t\t<div class=\"elementor-widget-wrap elementor-element-populated\">\n\t\t\t\t\t\t<div class=\"elementor-element elementor-element-0be66d1 elementor-widget elementor-widget-spacer\" data-id=\"0be66d1\" data-element_type=\"widget\" data-widget_type=\"spacer.default\">\n\t\t\t\t<div class=\"elementor-widget-container\">\n\t\t\t\t\t\t\t<div class=\"elementor-spacer\">\n\t\t\t<div class=\"elementor-spacer-inner\"><\/div>\n\t\t<\/div>\n\t\t\t\t\t\t<\/div>\n\t\t\t\t<\/div>\n\t\t\t\t\t<\/div>\n\t\t<\/div>\n\t\t\t\t\t<\/div>\n\t\t<\/section>\n\t\t\t\t<section class=\"elementor-section elementor-top-section elementor-element elementor-element-7aba35f elementor-section-boxed elementor-section-height-default elementor-section-height-default\" data-id=\"7aba35f\" data-element_type=\"section\">\n\t\t\t\t\t\t<div class=\"elementor-container elementor-column-gap-default\">\n\t\t\t\t\t<div class=\"elementor-column elementor-col-50 elementor-top-column elementor-element elementor-element-d3e2ded\" data-id=\"d3e2ded\" data-element_type=\"column\">\n\t\t\t<div class=\"elementor-widget-wrap elementor-element-populated\">\n\t\t\t\t\t\t<div class=\"elementor-element elementor-element-5363772 brd-radius elementor-widget elementor-widget-image\" data-id=\"5363772\" data-element_type=\"widget\" data-widget_type=\"image.default\">\n\t\t\t\t<div class=\"elementor-widget-container\">\n\t\t\t\t\t\t\t\t\t\t\t\t\t\t\t\t<a href=\"http:\/\/wg.sunlightchurch.com\/pt\/multiplyresources\/\">\n\t\t\t\t\t\t\t<img decoding=\"async\" src=\"https:\/\/wg.sunlightchurch.com\/wp-content\/uploads\/elementor\/thumbs\/WG-tiles.001-r3h6njt2tgze1pw1kmwnz0d0uiof26tg0yh53q524a.jpeg\" title=\"batismo\" alt=\"baptism\" class=\"elementor-animation-float\" loading=\"lazy\" \/>\t\t\t\t\t\t\t\t<\/a>\n\t\t\t\t\t\t\t\t\t\t\t\t\t\t\t<\/div>\n\t\t\t\t<\/div>\n\t\t\t\t<div class=\"elementor-element elementor-element-f65b08e elementor-widget elementor-widget-heading\" data-id=\"f65b08e\" data-element_type=\"widget\" data-widget_type=\"heading.default\">\n\t\t\t\t<div class=\"elementor-widget-container\">\n\t\t\t\t\t<h2 class=\"elementor-heading-title elementor-size-default\">Nossa abordagem definida para o minist\u00e9rio<\/h2>\t\t\t\t<\/div>\n\t\t\t\t<\/div>\n\t\t\t\t<div class=\"elementor-element elementor-element-27fbd50 elementor-widget elementor-widget-text-editor\" data-id=\"27fbd50\" data-element_type=\"widget\" data-widget_type=\"text-editor.default\">\n\t\t\t\t<div class=\"elementor-widget-container\">\n\t\t\t\t\t\t\t\t\t<p>Conhe\u00e7a a nossa igreja <span data-slate-fragment=\"JTdCJTIyb2JqZWN0JTIyJTNBJTIyZG9jdW1lbnQlMjIlMkMlMjJkYXRhJTIyJTNBJTdCJTdEJTJDJTIybm9kZXMlMjIlM0ElNUIlN0IlMjJvYmplY3QlMjIlM0ElMjJibG9jayUyMiUyQyUyMnR5cGUlMjIlM0ElMjJwYXJhZ3JhcGglMjIlMkMlMjJkYXRhJTIyJTNBJTdCJTdEJTJDJTIybm9kZXMlMjIlM0ElNUIlN0IlMjJvYmplY3QlMjIlM0ElMjJ0ZXh0JTIyJTJDJTIybGVhdmVzJTIyJTNBJTVCJTdCJTIyb2JqZWN0JTIyJTNBJTIybGVhZiUyMiUyQyUyMnRleHQlMjIlM0ElMjJkZWZpbmVkJTIwYXBwcm9hY2glMjB0byUyMGV4cGVyaWVuY2luZyUyMHRoZSUyMGxpZmUtY2hhbmdpbmclMjBwb3dlciUyMG9mJTIwSmVzdXMlMjBmaXJzdCUyMGluJTIwb3VyJTIwb3duJTIwbGl2ZXMlMjBhbmQlMjB0aGVuJTIwbXVsdGlwbHlpbmclMjBvdXQlMjBpbnRvJTIwdGhlJTIwd29ybGQuJTIyJTJDJTIybWFya3MlMjIlM0ElNUIlNUQlN0QlNUQlN0QlNUQlN0QlNUQlN0Q=\">miss\u00e3o e vis\u00e3o definidas para experimentar o poder transformador de Jesus, primeiro em nossas pr\u00f3prias vidas e depois multiplicando-se pelo mundo.<\/span><\/p>\t\t\t\t\t\t\t\t<\/div>\n\t\t\t\t<\/div>\n\t\t\t\t<div class=\"elementor-element elementor-element-be835ad elementor-align-left elementor-widget elementor-widget-button\" data-id=\"be835ad\" data-element_type=\"widget\" data-widget_type=\"button.default\">\n\t\t\t\t<div class=\"elementor-widget-container\">\n\t\t\t\t\t\t\t\t\t<div class=\"elementor-button-wrapper\">\n\t\t\t\t\t<a class=\"elementor-button elementor-button-link elementor-size-sm\" href=\"http:\/\/wg.sunlightchurch.com\/pt\/multiplyresources\/\" target=\"_blank\">\n\t\t\t\t\t\t<span class=\"elementor-button-content-wrapper\">\n\t\t\t\t\t\t<span class=\"elementor-button-icon\">\n\t\t\t\t<svg xmlns=\"http:\/\/www.w3.org\/2000\/svg\" width=\"19.613\" height=\"9.5\" viewbox=\"0 0 19.613 9.5\"><g id=\"left-arrow\" transform=\"translate(19.612 141.5) rotate(180)\"><g id=\"Group_42\" data-name=\"Group 42\" transform=\"translate(0 132)\"><path id=\"Path_29\" data-name=\"Path 29\" d=\"M18.846,135.984H2.621l2.688-2.675a.766.766,0,0,0-1.081-1.086l-4,3.984h0a.767.767,0,0,0,0,1.085h0l4,3.984a.766.766,0,0,0,1.081-1.086l-2.688-2.675H18.846a.766.766,0,1,0,0-1.532Z\" transform=\"translate(0 -132)\" fill=\"#ff671f\"><\/path><\/g><\/g><\/svg>\t\t\t<\/span>\n\t\t\t\t\t\t\t\t\t<span class=\"elementor-button-text\">Saber mais<\/span>\n\t\t\t\t\t<\/span>\n\t\t\t\t\t<\/a>\n\t\t\t\t<\/div>\n\t\t\t\t\t\t\t\t<\/div>\n\t\t\t\t<\/div>\n\t\t\t\t\t<\/div>\n\t\t<\/div>\n\t\t\t\t<div class=\"elementor-column elementor-col-50 elementor-top-column elementor-element elementor-element-2a626b1\" data-id=\"2a626b1\" data-element_type=\"column\">\n\t\t\t<div class=\"elementor-widget-wrap elementor-element-populated\">\n\t\t\t\t\t\t<div class=\"elementor-element elementor-element-5c3dafb brd-radius elementor-widget elementor-widget-image\" data-id=\"5c3dafb\" data-element_type=\"widget\" data-widget_type=\"image.default\">\n\t\t\t\t<div class=\"elementor-widget-container\">\n\t\t\t\t\t\t\t\t\t\t\t\t\t\t\t\t<a href=\"http:\/\/wg.sunlightchurch.com\/pt\/about\/our-beliefs\/\">\n\t\t\t\t\t\t\t<img decoding=\"async\" src=\"https:\/\/wg.sunlightchurch.com\/wp-content\/uploads\/elementor\/thumbs\/care-ministry.001-r3h6nlor751yoxtb9npx3zvy1af5hl0wp7s42a29ru.jpeg\" title=\"minist\u00e9rio de cuidado.001\" alt=\"care ministry.001\" class=\"elementor-animation-float\" loading=\"lazy\" \/>\t\t\t\t\t\t\t\t<\/a>\n\t\t\t\t\t\t\t\t\t\t\t\t\t\t\t<\/div>\n\t\t\t\t<\/div>\n\t\t\t\t<div class=\"elementor-element elementor-element-48669e7 elementor-widget elementor-widget-heading\" data-id=\"48669e7\" data-element_type=\"widget\" data-widget_type=\"heading.default\">\n\t\t\t\t<div class=\"elementor-widget-container\">\n\t\t\t\t\t<h2 class=\"elementor-heading-title elementor-size-default\">O que acreditamos<\/h2>\t\t\t\t<\/div>\n\t\t\t\t<\/div>\n\t\t\t\t<div class=\"elementor-element elementor-element-6099a4e elementor-widget elementor-widget-text-editor\" data-id=\"6099a4e\" data-element_type=\"widget\" data-widget_type=\"text-editor.default\">\n\t\t\t\t<div class=\"elementor-widget-container\">\n\t\t\t\t\t\t\t\t\t<p>Veja o que acreditamos sobre Deus, o pecado, Jesus, a B\u00edblia, nossa miss\u00e3o, n\u00f3s mesmos e como tudo isso est\u00e1 interligado.<\/p>\t\t\t\t\t\t\t\t<\/div>\n\t\t\t\t<\/div>\n\t\t\t\t<div class=\"elementor-element elementor-element-2917d80 elementor-align-left elementor-widget elementor-widget-button\" data-id=\"2917d80\" data-element_type=\"widget\" data-widget_type=\"button.default\">\n\t\t\t\t<div class=\"elementor-widget-container\">\n\t\t\t\t\t\t\t\t\t<div class=\"elementor-button-wrapper\">\n\t\t\t\t\t<a class=\"elementor-button elementor-button-link elementor-size-sm\" href=\"http:\/\/wg.sunlightchurch.com\/pt\/about\/our-beliefs\/\" target=\"_blank\">\n\t\t\t\t\t\t<span class=\"elementor-button-content-wrapper\">\n\t\t\t\t\t\t<span class=\"elementor-button-icon\">\n\t\t\t\t<svg xmlns=\"http:\/\/www.w3.org\/2000\/svg\" width=\"19.613\" height=\"9.5\" viewbox=\"0 0 19.613 9.5\"><g id=\"left-arrow\" transform=\"translate(19.612 141.5) rotate(180)\"><g id=\"Group_42\" data-name=\"Group 42\" transform=\"translate(0 132)\"><path id=\"Path_29\" data-name=\"Path 29\" d=\"M18.846,135.984H2.621l2.688-2.675a.766.766,0,0,0-1.081-1.086l-4,3.984h0a.767.767,0,0,0,0,1.085h0l4,3.984a.766.766,0,0,0,1.081-1.086l-2.688-2.675H18.846a.766.766,0,1,0,0-1.532Z\" transform=\"translate(0 -132)\" fill=\"#ff671f\"><\/path><\/g><\/g><\/svg>\t\t\t<\/span>\n\t\t\t\t\t\t\t\t\t<span class=\"elementor-button-text\">Saber mais<\/span>\n\t\t\t\t\t<\/span>\n\t\t\t\t\t<\/a>\n\t\t\t\t<\/div>\n\t\t\t\t\t\t\t\t<\/div>\n\t\t\t\t<\/div>\n\t\t\t\t\t<\/div>\n\t\t<\/div>\n\t\t\t\t\t<\/div>\n\t\t<\/section>\n\t\t\t\t<section class=\"elementor-section elementor-top-section elementor-element elementor-element-abd6177 elementor-section-boxed elementor-section-height-default elementor-section-height-default\" data-id=\"abd6177\" data-element_type=\"section\">\n\t\t\t\t\t\t<div class=\"elementor-container elementor-column-gap-default\">\n\t\t\t\t\t<div class=\"elementor-column elementor-col-50 elementor-top-column elementor-element elementor-element-81986f4\" data-id=\"81986f4\" data-element_type=\"column\">\n\t\t\t<div class=\"elementor-widget-wrap elementor-element-populated\">\n\t\t\t\t\t\t<div class=\"elementor-element elementor-element-2625025 brd-radius elementor-widget elementor-widget-image\" data-id=\"2625025\" data-element_type=\"widget\" data-widget_type=\"image.default\">\n\t\t\t\t<div class=\"elementor-widget-container\">\n\t\t\t\t\t\t\t\t\t\t\t\t\t\t\t\t<a href=\"http:\/\/wg.sunlightchurch.com\/pt\/about\/staff\/\">\n\t\t\t\t\t\t\t<img decoding=\"async\" src=\"https:\/\/wg.sunlightchurch.com\/wp-content\/uploads\/elementor\/thumbs\/WG-tiles.004-r3h6njt2tgze1pw1kmwnz0d0uiof26tg0yh53q524a.jpeg\" title=\"Fam\u00edlia Wendel Gomes\" alt=\"Wendel Gomes Family\" class=\"elementor-animation-float\" loading=\"lazy\" \/>\t\t\t\t\t\t\t\t<\/a>\n\t\t\t\t\t\t\t\t\t\t\t\t\t\t\t<\/div>\n\t\t\t\t<\/div>\n\t\t\t\t<div class=\"elementor-element elementor-element-9ba4547 elementor-widget elementor-widget-heading\" data-id=\"9ba4547\" data-element_type=\"widget\" data-widget_type=\"heading.default\">\n\t\t\t\t<div class=\"elementor-widget-container\">\n\t\t\t\t\t<h2 class=\"elementor-heading-title elementor-size-default\">Cajado da Luz Solar<\/h2>\t\t\t\t<\/div>\n\t\t\t\t<\/div>\n\t\t\t\t<div class=\"elementor-element elementor-element-83faa47 elementor-widget elementor-widget-text-editor\" data-id=\"83faa47\" data-element_type=\"widget\" data-widget_type=\"text-editor.default\">\n\t\t\t\t<div class=\"elementor-widget-container\">\n\t\t\t\t\t\t\t\t\t<p>Conhe\u00e7a a equipe da Sunlight Community Church.<\/p>\t\t\t\t\t\t\t\t<\/div>\n\t\t\t\t<\/div>\n\t\t\t\t<div class=\"elementor-element elementor-element-3740ec5 elementor-align-left elementor-widget elementor-widget-button\" data-id=\"3740ec5\" data-element_type=\"widget\" data-widget_type=\"button.default\">\n\t\t\t\t<div class=\"elementor-widget-container\">\n\t\t\t\t\t\t\t\t\t<div class=\"elementor-button-wrapper\">\n\t\t\t\t\t<a class=\"elementor-button elementor-button-link elementor-size-sm\" href=\"http:\/\/wg.sunlightchurch.com\/pt\/about\/staff\/\">\n\t\t\t\t\t\t<span class=\"elementor-button-content-wrapper\">\n\t\t\t\t\t\t<span class=\"elementor-button-icon\">\n\t\t\t\t<svg xmlns=\"http:\/\/www.w3.org\/2000\/svg\" width=\"19.613\" height=\"9.5\" viewbox=\"0 0 19.613 9.5\"><g id=\"left-arrow\" transform=\"translate(19.612 141.5) rotate(180)\"><g id=\"Group_42\" data-name=\"Group 42\" transform=\"translate(0 132)\"><path id=\"Path_29\" data-name=\"Path 29\" d=\"M18.846,135.984H2.621l2.688-2.675a.766.766,0,0,0-1.081-1.086l-4,3.984h0a.767.767,0,0,0,0,1.085h0l4,3.984a.766.766,0,0,0,1.081-1.086l-2.688-2.675H18.846a.766.766,0,1,0,0-1.532Z\" transform=\"translate(0 -132)\" fill=\"#ff671f\"><\/path><\/g><\/g><\/svg>\t\t\t<\/span>\n\t\t\t\t\t\t\t\t\t<span class=\"elementor-button-text\">Saber mais<\/span>\n\t\t\t\t\t<\/span>\n\t\t\t\t\t<\/a>\n\t\t\t\t<\/div>\n\t\t\t\t\t\t\t\t<\/div>\n\t\t\t\t<\/div>\n\t\t\t\t\t<\/div>\n\t\t<\/div>\n\t\t\t\t<div class=\"elementor-column elementor-col-50 elementor-top-column elementor-element elementor-element-1a088b1\" data-id=\"1a088b1\" data-element_type=\"column\">\n\t\t\t<div class=\"elementor-widget-wrap elementor-element-populated\">\n\t\t\t\t\t\t<div class=\"elementor-element elementor-element-d276223 brd-radius elementor-widget elementor-widget-image\" data-id=\"d276223\" data-element_type=\"widget\" data-widget_type=\"image.default\">\n\t\t\t\t<div class=\"elementor-widget-container\">\n\t\t\t\t\t\t\t\t\t\t\t\t\t\t\t\t<a href=\"https:\/\/wg.sunlightchurch.com\/pt\/about\/campuses\/\">\n\t\t\t\t\t\t\t<img decoding=\"async\" src=\"https:\/\/wg.sunlightchurch.com\/wp-content\/uploads\/elementor\/thumbs\/WG-tiles.003-r3h6njt2tgze1pw1kmwnz0d0uiof26tg0yh53q524a.jpeg\" title=\"Campus do Edif\u00edcio Winter Garden\" alt=\"Winter Garden Building Campus\" class=\"elementor-animation-float\" loading=\"lazy\" \/>\t\t\t\t\t\t\t\t<\/a>\n\t\t\t\t\t\t\t\t\t\t\t\t\t\t\t<\/div>\n\t\t\t\t<\/div>\n\t\t\t\t<div class=\"elementor-element elementor-element-d69f00e elementor-widget elementor-widget-heading\" data-id=\"d69f00e\" data-element_type=\"widget\" data-widget_type=\"heading.default\">\n\t\t\t\t<div class=\"elementor-widget-container\">\n\t\t\t\t\t<h2 class=\"elementor-heading-title elementor-size-default\">Campi<\/h2>\t\t\t\t<\/div>\n\t\t\t\t<\/div>\n\t\t\t\t<div class=\"elementor-element elementor-element-e28de86 elementor-widget elementor-widget-text-editor\" data-id=\"e28de86\" data-element_type=\"widget\" data-widget_type=\"text-editor.default\">\n\t\t\t\t<div class=\"elementor-widget-container\">\n\t\t\t\t\t\t\t\t\t<p>Somos uma igreja em muitos locais. Encontre um campus perto de voc\u00ea.<\/p>\t\t\t\t\t\t\t\t<\/div>\n\t\t\t\t<\/div>\n\t\t\t\t<div class=\"elementor-element elementor-element-8daedae elementor-align-left elementor-widget elementor-widget-button\" data-id=\"8daedae\" data-element_type=\"widget\" data-widget_type=\"button.default\">\n\t\t\t\t<div class=\"elementor-widget-container\">\n\t\t\t\t\t\t\t\t\t<div class=\"elementor-button-wrapper\">\n\t\t\t\t\t<a class=\"elementor-button elementor-button-link elementor-size-sm\" href=\"https:\/\/wg.sunlightchurch.com\/pt\/about\/campuses\/\">\n\t\t\t\t\t\t<span class=\"elementor-button-content-wrapper\">\n\t\t\t\t\t\t<span class=\"elementor-button-icon\">\n\t\t\t\t<svg xmlns=\"http:\/\/www.w3.org\/2000\/svg\" width=\"19.613\" height=\"9.5\" viewbox=\"0 0 19.613 9.5\"><g id=\"left-arrow\" transform=\"translate(19.612 141.5) rotate(180)\"><g id=\"Group_42\" data-name=\"Group 42\" transform=\"translate(0 132)\"><path id=\"Path_29\" data-name=\"Path 29\" d=\"M18.846,135.984H2.621l2.688-2.675a.766.766,0,0,0-1.081-1.086l-4,3.984h0a.767.767,0,0,0,0,1.085h0l4,3.984a.766.766,0,0,0,1.081-1.086l-2.688-2.675H18.846a.766.766,0,1,0,0-1.532Z\" transform=\"translate(0 -132)\" fill=\"#ff671f\"><\/path><\/g><\/g><\/svg>\t\t\t<\/span>\n\t\t\t\t\t\t\t\t\t<span class=\"elementor-button-text\">Saber mais<\/span>\n\t\t\t\t\t<\/span>\n\t\t\t\t\t<\/a>\n\t\t\t\t<\/div>\n\t\t\t\t\t\t\t\t<\/div>\n\t\t\t\t<\/div>\n\t\t\t\t\t<\/div>\n\t\t<\/div>\n\t\t\t\t\t<\/div>\n\t\t<\/section>\n\t\t\t\t<section class=\"elementor-section elementor-top-section elementor-element elementor-element-fdfda56 elementor-section-boxed elementor-section-height-default elementor-section-height-default\" data-id=\"fdfda56\" data-element_type=\"section\">\n\t\t\t\t\t\t<div class=\"elementor-container elementor-column-gap-default\">\n\t\t\t\t\t<div class=\"elementor-column elementor-col-50 elementor-top-column elementor-element elementor-element-3b9bb99\" data-id=\"3b9bb99\" data-element_type=\"column\">\n\t\t\t<div class=\"elementor-widget-wrap elementor-element-populated\">\n\t\t\t\t\t\t<div class=\"elementor-element elementor-element-2d6a43c brd-radius elementor-widget elementor-widget-image\" data-id=\"2d6a43c\" data-element_type=\"widget\" data-widget_type=\"image.default\">\n\t\t\t\t<div class=\"elementor-widget-container\">\n\t\t\t\t\t\t\t\t\t\t\t\t\t\t\t\t<a href=\"https:\/\/sunlightcc.churchcenter.com\/people\/forms\/710383\" target=\"_blank\">\n\t\t\t\t\t\t\t<img decoding=\"async\" src=\"https:\/\/wg.sunlightchurch.com\/wp-content\/uploads\/elementor\/thumbs\/WG-tiles.002-r3h6njt2tgze1pw1kmwnz0d0uiof26tg0yh53q524a.jpeg\" title=\"Contate-nos\" alt=\"contact us\" class=\"elementor-animation-float\" loading=\"lazy\" \/>\t\t\t\t\t\t\t\t<\/a>\n\t\t\t\t\t\t\t\t\t\t\t\t\t\t\t<\/div>\n\t\t\t\t<\/div>\n\t\t\t\t<div class=\"elementor-element elementor-element-43bf6ea elementor-widget elementor-widget-heading\" data-id=\"43bf6ea\" data-element_type=\"widget\" data-widget_type=\"heading.default\">\n\t\t\t\t<div class=\"elementor-widget-container\">\n\t\t\t\t\t<h2 class=\"elementor-heading-title elementor-size-default\">Contate-nos<\/h2>\t\t\t\t<\/div>\n\t\t\t\t<\/div>\n\t\t\t\t<div class=\"elementor-element elementor-element-6f67b20 elementor-widget elementor-widget-text-editor\" data-id=\"6f67b20\" data-element_type=\"widget\" data-widget_type=\"text-editor.default\">\n\t\t\t\t<div class=\"elementor-widget-container\">\n\t\t\t\t\t\t\t\t\t<p>Perguntas ou preocupa\u00e7\u00f5es? Utilize este formul\u00e1rio para entrar em contato conosco!<\/p>\t\t\t\t\t\t\t\t<\/div>\n\t\t\t\t<\/div>\n\t\t\t\t<div class=\"elementor-element elementor-element-61d0fc9 elementor-align-left elementor-widget elementor-widget-button\" data-id=\"61d0fc9\" data-element_type=\"widget\" data-widget_type=\"button.default\">\n\t\t\t\t<div class=\"elementor-widget-container\">\n\t\t\t\t\t\t\t\t\t<div class=\"elementor-button-wrapper\">\n\t\t\t\t\t<a class=\"elementor-button elementor-button-link elementor-size-sm\" href=\"https:\/\/sunlightcc.churchcenter.com\/people\/forms\/710383\" target=\"_blank\">\n\t\t\t\t\t\t<span class=\"elementor-button-content-wrapper\">\n\t\t\t\t\t\t<span class=\"elementor-button-icon\">\n\t\t\t\t<svg xmlns=\"http:\/\/www.w3.org\/2000\/svg\" width=\"19.613\" height=\"9.5\" viewbox=\"0 0 19.613 9.5\"><g id=\"left-arrow\" transform=\"translate(19.612 141.5) rotate(180)\"><g id=\"Group_42\" data-name=\"Group 42\" transform=\"translate(0 132)\"><path id=\"Path_29\" data-name=\"Path 29\" d=\"M18.846,135.984H2.621l2.688-2.675a.766.766,0,0,0-1.081-1.086l-4,3.984h0a.767.767,0,0,0,0,1.085h0l4,3.984a.766.766,0,0,0,1.081-1.086l-2.688-2.675H18.846a.766.766,0,1,0,0-1.532Z\" transform=\"translate(0 -132)\" fill=\"#ff671f\"><\/path><\/g><\/g><\/svg>\t\t\t<\/span>\n\t\t\t\t\t\t\t\t\t<span class=\"elementor-button-text\">Saber mais<\/span>\n\t\t\t\t\t<\/span>\n\t\t\t\t\t<\/a>\n\t\t\t\t<\/div>\n\t\t\t\t\t\t\t\t<\/div>\n\t\t\t\t<\/div>\n\t\t\t\t\t<\/div>\n\t\t<\/div>\n\t\t\t\t<div class=\"elementor-column elementor-col-50 elementor-top-column elementor-element elementor-element-b08f06c\" data-id=\"b08f06c\" data-element_type=\"column\">\n\t\t\t<div class=\"elementor-widget-wrap\">\n\t\t\t\t\t\t\t<\/div>\n\t\t<\/div>\n\t\t\t\t\t<\/div>\n\t\t<\/section>\n\t\t\t\t<section class=\"elementor-section elementor-top-section elementor-element elementor-element-15b3eb4 elementor-section-boxed elementor-section-height-default elementor-section-height-default\" data-id=\"15b3eb4\" data-element_type=\"section\">\n\t\t\t\t\t\t<div class=\"elementor-container elementor-column-gap-default\">\n\t\t\t\t\t<div class=\"elementor-column elementor-col-100 elementor-top-column elementor-element elementor-element-56b46d9\" data-id=\"56b46d9\" data-element_type=\"column\">\n\t\t\t<div class=\"elementor-widget-wrap\">\n\t\t\t\t\t\t\t<\/div>\n\t\t<\/div>\n\t\t\t\t\t<\/div>\n\t\t<\/section>\n\t\t\t\t<\/div>","protected":false},"excerpt":{"rendered":"<p>Saiba mais sobre a Sunlight Community Church Conhe\u00e7a Jesus. Fa\u00e7a Jesus conhecido. Viva uma vida de Jesus. https:\/\/www.youtube.com\/watch?v=h9thXKKzGn0&amp;feature=emb_title Nossa abordagem definida para o minist\u00e9rio Descubra a miss\u00e3o e a vis\u00e3o definidas da nossa igreja para experimentar [\u2026]<\/p>","protected":false},"author":2,"featured_media":0,"parent":0,"menu_order":0,"comment_status":"closed","ping_status":"closed","template":"","meta":{"footnotes":""},"class_list":["post-3890","page","type-page","status-publish","hentry"],"_links":{"self":[{"href":"https:\/\/wg.sunlightchurch.com\/pt\/wp-json\/wp\/v2\/pages\/3890","targetHints":{"allow":["GET"]}}],"collection":[{"href":"https:\/\/wg.sunlightchurch.com\/pt\/wp-json\/wp\/v2\/pages"}],"about":[{"href":"https:\/\/wg.sunlightchurch.com\/pt\/wp-json\/wp\/v2\/types\/page"}],"author":[{"embeddable":true,"href":"https:\/\/wg.sunlightchurch.com\/pt\/wp-json\/wp\/v2\/users\/2"}],"replies":[{"embeddable":true,"href":"https:\/\/wg.sunlightchurch.com\/pt\/wp-json\/wp\/v2\/comments?post=3890"}],"version-history":[{"count":20,"href":"https:\/\/wg.sunlightchurch.com\/pt\/wp-json\/wp\/v2\/pages\/3890\/revisions"}],"predecessor-version":[{"id":12040,"href":"https:\/\/wg.sunlightchurch.com\/pt\/wp-json\/wp\/v2\/pages\/3890\/revisions\/12040"}],"wp:attachment":[{"href":"https:\/\/wg.sunlightchurch.com\/pt\/wp-json\/wp\/v2\/media?parent=3890"}],"curies":[{"name":"wp","href":"https:\/\/api.w.org\/{rel}","templated":true}]}}