{"id":2410,"date":"2020-07-31T07:52:33","date_gmt":"2020-07-31T11:52:33","guid":{"rendered":"https:\/\/wg.sunlightchurch.com\/?page_id=2410"},"modified":"2024-03-14T13:16:03","modified_gmt":"2024-03-14T17:16:03","slug":"children","status":"publish","type":"page","link":"https:\/\/wg.sunlightchurch.com\/pt\/ministries\/children\/","title":{"rendered":"Minist\u00e9rios Infantis"},"content":{"rendered":"<div data-elementor-type=\"wp-page\" data-elementor-id=\"2410\" class=\"elementor elementor-2410\" data-elementor-post-type=\"page\">\n\t\t\t\t\t\t<section class=\"elementor-section elementor-top-section elementor-element elementor-element-bcd974d elementor-section-boxed elementor-section-height-default elementor-section-height-default\" data-id=\"bcd974d\" data-element_type=\"section\" data-e-type=\"section\">\n\t\t\t\t\t\t<div class=\"elementor-container elementor-column-gap-default\">\n\t\t\t\t\t<div class=\"elementor-column elementor-col-100 elementor-top-column elementor-element elementor-element-4dae145\" data-id=\"4dae145\" data-element_type=\"column\" data-e-type=\"column\">\n\t\t\t<div class=\"elementor-widget-wrap elementor-element-populated\">\n\t\t\t\t\t\t<div class=\"elementor-element elementor-element-ff39882 elementor-widget elementor-widget-image\" data-id=\"ff39882\" data-element_type=\"widget\" data-e-type=\"widget\" data-widget_type=\"image.default\">\n\t\t\t\t<div class=\"elementor-widget-container\">\n\t\t\t\t\t\t\t\t\t\t\t\t\t\t\t<img fetchpriority=\"high\" decoding=\"async\" width=\"768\" height=\"432\" src=\"https:\/\/wg.sunlightchurch.com\/wp-content\/uploads\/2024\/03\/WG-tiles.001-768x432.jpeg\" class=\"attachment-medium_large size-medium_large wp-image-11480\" alt=\"\" srcset=\"https:\/\/wg.sunlightchurch.com\/wp-content\/uploads\/2024\/03\/WG-tiles.001-768x432.jpeg 768w, https:\/\/wg.sunlightchurch.com\/wp-content\/uploads\/2024\/03\/WG-tiles.001-300x169.jpeg 300w, https:\/\/wg.sunlightchurch.com\/wp-content\/uploads\/2024\/03\/WG-tiles.001-1024x576.jpeg 1024w, https:\/\/wg.sunlightchurch.com\/wp-content\/uploads\/2024\/03\/WG-tiles.001-48x27.jpeg 48w, https:\/\/wg.sunlightchurch.com\/wp-content\/uploads\/2024\/03\/WG-tiles.001-1000x563.jpeg 1000w, https:\/\/wg.sunlightchurch.com\/wp-content\/uploads\/2024\/03\/WG-tiles.001-600x338.jpeg 600w, https:\/\/wg.sunlightchurch.com\/wp-content\/uploads\/2024\/03\/WG-tiles.001-200x113.jpeg 200w, https:\/\/wg.sunlightchurch.com\/wp-content\/uploads\/2024\/03\/WG-tiles.001-18x10.jpeg 18w, https:\/\/wg.sunlightchurch.com\/wp-content\/uploads\/2024\/03\/WG-tiles.001.jpeg 1200w\" sizes=\"(max-width: 768px) 100vw, 768px\" \/>\t\t\t\t\t\t\t\t\t\t\t\t\t\t\t<\/div>\n\t\t\t\t<\/div>\n\t\t\t\t<div class=\"elementor-element elementor-element-5ba9854 elementor-widget elementor-widget-heading\" data-id=\"5ba9854\" data-element_type=\"widget\" data-e-type=\"widget\" data-widget_type=\"heading.default\">\n\t\t\t\t<div class=\"elementor-widget-container\">\n\t\t\t\t\t<h1 class=\"elementor-heading-title elementor-size-xl\">Minist\u00e9rios Infantis<\/h1>\t\t\t\t<\/div>\n\t\t\t\t<\/div>\n\t\t\t\t<div class=\"elementor-element elementor-element-2722166 elementor-widget elementor-widget-text-editor\" data-id=\"2722166\" data-element_type=\"widget\" data-e-type=\"widget\" data-widget_type=\"text-editor.default\">\n\t\t\t\t<div class=\"elementor-widget-container\">\n\t\t\t\t\t\t\t\t\t<h2><span style=\"color: #000000;\">Parceria com os pais para desenvolver a f\u00e9 de nossos filhos.<\/span><\/h2>\t\t\t\t\t\t\t\t<\/div>\n\t\t\t\t<\/div>\n\t\t\t\t\t<\/div>\n\t\t<\/div>\n\t\t\t\t\t<\/div>\n\t\t<\/section>\n\t\t\t\t<section class=\"elementor-section elementor-top-section elementor-element elementor-element-725b52a4 elementor-section-boxed elementor-section-height-default elementor-section-height-default\" data-id=\"725b52a4\" data-element_type=\"section\" data-e-type=\"section\">\n\t\t\t\t\t\t<div class=\"elementor-container elementor-column-gap-default\">\n\t\t\t\t\t<div class=\"elementor-column elementor-col-100 elementor-top-column elementor-element elementor-element-12f4a291\" data-id=\"12f4a291\" data-element_type=\"column\" data-e-type=\"column\">\n\t\t\t<div class=\"elementor-widget-wrap elementor-element-populated\">\n\t\t\t\t\t\t<div class=\"elementor-element elementor-element-3beea14f elementor-widget elementor-widget-heading\" data-id=\"3beea14f\" data-element_type=\"widget\" data-e-type=\"widget\" data-widget_type=\"heading.default\">\n\t\t\t\t<div class=\"elementor-widget-container\">\n\t\t\t\t\t<h2 class=\"elementor-heading-title elementor-size-default\">Crian\u00e7as da luz solar<\/h2>\t\t\t\t<\/div>\n\t\t\t\t<\/div>\n\t\t\t\t<div class=\"elementor-element elementor-element-7e053384 elementor-widget elementor-widget-text-editor\" data-id=\"7e053384\" data-element_type=\"widget\" data-e-type=\"widget\" data-widget_type=\"text-editor.default\">\n\t\t\t\t<div class=\"elementor-widget-container\">\n\t\t\t\t\t\t\t\t\t<p>Ningu\u00e9m ter\u00e1 mais influ\u00eancia sobre seu filho do que voc\u00ea! Acreditamos que o que acontece em casa \u00e9 mais importante do que o que acontece na igreja. Esperamos poder fazer parceria com voc\u00ea desde o in\u00edcio. Queremos ser seus maiores f\u00e3s, seus maiores apoiadores e seus guias de confian\u00e7a enquanto voc\u00ea cria seu filho para saber o que significa ter um relacionamento pessoal com Jesus Cristo.<\/p><p>\u00a0<\/p><p>O Sunlight Kids se re\u00fane durante cada culto nas manh\u00e3s de domingo e \u00e9 o lugar onde seus filhos estar\u00e3o seguros, se divertir\u00e3o e aprender\u00e3o sobre Jesus no n\u00edvel deles! Crian\u00e7as do nascimento at\u00e9 a 5\u00aa s\u00e9rie t\u00eam experi\u00eancias emocionantes durante cada um de nossos hor\u00e1rios de culto!<\/p><p>\u00a0<\/p><p>Continue rolando para baixo para saber mais sobre Sunlight Kids ou escolha uma op\u00e7\u00e3o abaixo:<\/p>\t\t\t\t\t\t\t\t<\/div>\n\t\t\t\t<\/div>\n\t\t\t\t<div class=\"elementor-element elementor-element-df7f174 elementor-widget elementor-widget-spacer\" data-id=\"df7f174\" data-element_type=\"widget\" data-e-type=\"widget\" data-widget_type=\"spacer.default\">\n\t\t\t\t<div class=\"elementor-widget-container\">\n\t\t\t\t\t\t\t<div class=\"elementor-spacer\">\n\t\t\t<div class=\"elementor-spacer-inner\"><\/div>\n\t\t<\/div>\n\t\t\t\t\t\t<\/div>\n\t\t\t\t<\/div>\n\t\t\t\t<div class=\"elementor-element elementor-element-568832c elementor-widget elementor-widget-heading\" data-id=\"568832c\" data-element_type=\"widget\" data-e-type=\"widget\" data-widget_type=\"heading.default\">\n\t\t\t\t<div class=\"elementor-widget-container\">\n\t\t\t\t\t<h1 class=\"elementor-heading-title elementor-size-xl\">Domingo de manh\u00e3<\/h1>\t\t\t\t<\/div>\n\t\t\t\t<\/div>\n\t\t\t\t<div class=\"elementor-element elementor-element-3a38974 elementor-align-center elementor-widget elementor-widget-button\" data-id=\"3a38974\" data-element_type=\"widget\" data-e-type=\"widget\" data-widget_type=\"button.default\">\n\t\t\t\t<div class=\"elementor-widget-container\">\n\t\t\t\t\t\t\t\t\t<div class=\"elementor-button-wrapper\">\n\t\t\t\t\t<a class=\"elementor-button elementor-button-link elementor-size-sm elementor-animation-float\" href=\"https:\/\/sunlightcc.churchcenter.com\/registrations\/events\/2202084\">\n\t\t\t\t\t\t<span class=\"elementor-button-content-wrapper\">\n\t\t\t\t\t\t\t\t\t<span class=\"elementor-button-text\">Inscreva-se na Igreja Infantil aqui<\/span>\n\t\t\t\t\t<\/span>\n\t\t\t\t\t<\/a>\n\t\t\t\t<\/div>\n\t\t\t\t\t\t\t\t<\/div>\n\t\t\t\t<\/div>\n\t\t\t\t\t<\/div>\n\t\t<\/div>\n\t\t\t\t\t<\/div>\n\t\t<\/section>\n\t\t\t\t<section class=\"elementor-section elementor-top-section elementor-element elementor-element-624b2209 elementor-section-boxed elementor-section-height-default elementor-section-height-default\" data-id=\"624b2209\" data-element_type=\"section\" data-e-type=\"section\">\n\t\t\t\t\t\t<div class=\"elementor-container elementor-column-gap-default\">\n\t\t\t\t\t<div class=\"elementor-column elementor-col-50 elementor-top-column elementor-element elementor-element-21293665\" data-id=\"21293665\" data-element_type=\"column\" data-e-type=\"column\">\n\t\t\t<div class=\"elementor-widget-wrap elementor-element-populated\">\n\t\t\t\t\t\t<div class=\"elementor-element elementor-element-1b837bf1 elementor-widget elementor-widget-text-editor\" data-id=\"1b837bf1\" data-element_type=\"widget\" data-e-type=\"widget\" data-widget_type=\"text-editor.default\">\n\t\t\t\t<div class=\"elementor-widget-container\">\n\t\t\t\t\t\t\t\t\t<p>SHINE Kid&#039;s Church \u00e9 uma experi\u00eancia de domingo de manh\u00e3 onde as crian\u00e7as podem se divertir, fazer amigos e encontrar um lugar ao qual pertencer. Os l\u00edderes de pequenos grupos pretendem ajudar as crian\u00e7as a ACREDITAR em Deus e a compreender o que significa viver como um crist\u00e3o.\u00a0<\/p>\t\t\t\t\t\t\t\t<\/div>\n\t\t\t\t<\/div>\n\t\t\t\t<div class=\"elementor-element elementor-element-891b196 elementor-widget elementor-widget-text-editor\" data-id=\"891b196\" data-element_type=\"widget\" data-e-type=\"widget\" data-widget_type=\"text-editor.default\">\n\t\t\t\t<div class=\"elementor-widget-container\">\n\t\t\t\t\t\t\t\t\t<p>Se for a primeira vez, inscreva-se on-line ou fa\u00e7a a inscri\u00e7\u00e3o pessoalmente no balc\u00e3o.\u00a0<\/p>\t\t\t\t\t\t\t\t<\/div>\n\t\t\t\t<\/div>\n\t\t\t\t\t<\/div>\n\t\t<\/div>\n\t\t\t\t<div class=\"elementor-column elementor-col-50 elementor-top-column elementor-element elementor-element-7a689f7d\" data-id=\"7a689f7d\" data-element_type=\"column\" data-e-type=\"column\">\n\t\t\t<div class=\"elementor-widget-wrap elementor-element-populated\">\n\t\t\t\t\t\t<div class=\"elementor-element elementor-element-9a90f81 elementor-widget elementor-widget-text-editor\" data-id=\"9a90f81\" data-element_type=\"widget\" data-e-type=\"widget\" data-widget_type=\"text-editor.default\">\n\t\t\t\t<div class=\"elementor-widget-container\">\n\t\t\t\t\t\t\t\t\t<p>Temos grupos dispon\u00edveis para crian\u00e7as do 5\u00ba ano.<br \/><br \/>Ber\u00e7\u00e1rio: 0-2<br \/>Pr\u00e9-escola: 3&#039;s e VPK\u00a0<br \/>Elementar: s\u00e9ries K-5<\/p>\t\t\t\t\t\t\t\t<\/div>\n\t\t\t\t<\/div>\n\t\t\t\t\t<\/div>\n\t\t<\/div>\n\t\t\t\t\t<\/div>\n\t\t<\/section>\n\t\t\t\t<\/div>","protected":false},"excerpt":{"rendered":"<p>Children&#8217;s Ministries Partnering with parents to develop our children&#8217;s faith. Sunlight Kids No one will have more influence on your child than you! We believe that what happens at home [&hellip;]<\/p>\n","protected":false},"author":2,"featured_media":0,"parent":979,"menu_order":0,"comment_status":"closed","ping_status":"closed","template":"","meta":{"footnotes":""},"class_list":["post-2410","page","type-page","status-publish","hentry"],"_links":{"self":[{"href":"https:\/\/wg.sunlightchurch.com\/pt\/wp-json\/wp\/v2\/pages\/2410","targetHints":{"allow":["GET"]}}],"collection":[{"href":"https:\/\/wg.sunlightchurch.com\/pt\/wp-json\/wp\/v2\/pages"}],"about":[{"href":"https:\/\/wg.sunlightchurch.com\/pt\/wp-json\/wp\/v2\/types\/page"}],"author":[{"embeddable":true,"href":"https:\/\/wg.sunlightchurch.com\/pt\/wp-json\/wp\/v2\/users\/2"}],"replies":[{"embeddable":true,"href":"https:\/\/wg.sunlightchurch.com\/pt\/wp-json\/wp\/v2\/comments?post=2410"}],"version-history":[{"count":14,"href":"https:\/\/wg.sunlightchurch.com\/pt\/wp-json\/wp\/v2\/pages\/2410\/revisions"}],"predecessor-version":[{"id":11543,"href":"https:\/\/wg.sunlightchurch.com\/pt\/wp-json\/wp\/v2\/pages\/2410\/revisions\/11543"}],"up":[{"embeddable":true,"href":"https:\/\/wg.sunlightchurch.com\/pt\/wp-json\/wp\/v2\/pages\/979"}],"wp:attachment":[{"href":"https:\/\/wg.sunlightchurch.com\/pt\/wp-json\/wp\/v2\/media?parent=2410"}],"curies":[{"name":"wp","href":"https:\/\/api.w.org\/{rel}","templated":true}]}}