{"id":11487,"date":"2024-03-14T11:46:26","date_gmt":"2024-03-14T15:46:26","guid":{"rendered":"https:\/\/wg.sunlightchurch.com\/?page_id=11487"},"modified":"2024-05-22T16:28:34","modified_gmt":"2024-05-22T20:28:34","slug":"bible-studies","status":"publish","type":"page","link":"https:\/\/wg.sunlightchurch.com\/pt\/ministries\/bible-studies\/","title":{"rendered":"Estudos B\u00edblicos"},"content":{"rendered":"<div data-elementor-type=\"wp-page\" data-elementor-id=\"11487\" class=\"elementor elementor-11487\" data-elementor-post-type=\"page\">\n\t\t\t\t\t\t<section class=\"elementor-section elementor-top-section elementor-element elementor-element-14d1c48 elementor-section-boxed elementor-section-height-default elementor-section-height-default\" data-id=\"14d1c48\" data-element_type=\"section\">\n\t\t\t\t\t\t<div class=\"elementor-container elementor-column-gap-default\">\n\t\t\t\t\t<div class=\"elementor-column elementor-col-100 elementor-top-column elementor-element elementor-element-0c8f28d\" data-id=\"0c8f28d\" data-element_type=\"column\">\n\t\t\t<div class=\"elementor-widget-wrap elementor-element-populated\">\n\t\t\t\t\t\t<div class=\"elementor-element elementor-element-abbd462 elementor-widget elementor-widget-image\" data-id=\"abbd462\" data-element_type=\"widget\" data-widget_type=\"image.default\">\n\t\t\t\t<div class=\"elementor-widget-container\">\n\t\t\t\t\t\t\t\t\t\t\t\t\t\t\t<img decoding=\"async\" src=\"https:\/\/wg.sunlightchurch.com\/wp-content\/uploads\/elementor\/thumbs\/care-ministry.002-r3h6nlozq4kfidl5tz3ndfygwtgctzjraaeh34vss0.jpeg\" title=\"Minist\u00e9rio de cuidado\" alt=\"Prayer team\" loading=\"lazy\" \/>\t\t\t\t\t\t\t\t\t\t\t\t\t\t\t<\/div>\n\t\t\t\t<\/div>\n\t\t\t\t<div class=\"elementor-element elementor-element-be860a7 elementor-widget elementor-widget-heading\" data-id=\"be860a7\" data-element_type=\"widget\" data-widget_type=\"heading.default\">\n\t\t\t\t<div class=\"elementor-widget-container\">\n\t\t\t\t\t<h5 class=\"elementor-heading-title elementor-size-xxl\">Estudos B\u00edblicos<\/h5>\t\t\t\t<\/div>\n\t\t\t\t<\/div>\n\t\t\t\t<div class=\"elementor-element elementor-element-b83cb97 elementor-widget elementor-widget-heading\" data-id=\"b83cb97\" data-element_type=\"widget\" data-widget_type=\"heading.default\">\n\t\t\t\t<div class=\"elementor-widget-container\">\n\t\t\t\t\t<h6 class=\"elementor-heading-title elementor-size-medium\"><span style=\", Roboto, arial, sans-serif;font-size: 20px;font-weight: 400;text-align: left\">Pois tudo o que foi escrito no passado foi escrito para nos ensinar, para que, atrav\u00e9s da perseveran\u00e7a ensinada nas Escrituras e do encorajamento que elas proporcionam, possamos ter esperan\u00e7a.<\/span> Romanos 15:4<\/h6>\t\t\t\t<\/div>\n\t\t\t\t<\/div>\n\t\t\t\t\t<\/div>\n\t\t<\/div>\n\t\t\t\t\t<\/div>\n\t\t<\/section>\n\t\t\t\t<section class=\"elementor-section elementor-top-section elementor-element elementor-element-eab4c04 elementor-section-boxed elementor-section-height-default elementor-section-height-default\" data-id=\"eab4c04\" data-element_type=\"section\">\n\t\t\t\t\t\t<div class=\"elementor-container elementor-column-gap-default\">\n\t\t\t\t\t<div class=\"elementor-column elementor-col-50 elementor-top-column elementor-element elementor-element-4d434a5\" data-id=\"4d434a5\" data-element_type=\"column\">\n\t\t\t<div class=\"elementor-widget-wrap elementor-element-populated\">\n\t\t\t\t\t\t<div class=\"elementor-element elementor-element-1716bd6 elementor-widget elementor-widget-image\" data-id=\"1716bd6\" data-element_type=\"widget\" data-widget_type=\"image.default\">\n\t\t\t\t<div class=\"elementor-widget-container\">\n\t\t\t\t\t\t\t\t\t\t\t\t\t\t\t<img fetchpriority=\"high\" decoding=\"async\" width=\"1200\" height=\"675\" src=\"https:\/\/wg.sunlightchurch.com\/wp-content\/uploads\/2024\/03\/WG-bible-studies-stock.002.jpeg\" class=\"attachment-1536x1536 size-1536x1536 wp-image-11490\" alt=\"\" srcset=\"https:\/\/wg.sunlightchurch.com\/wp-content\/uploads\/2024\/03\/WG-bible-studies-stock.002.jpeg 1200w, https:\/\/wg.sunlightchurch.com\/wp-content\/uploads\/2024\/03\/WG-bible-studies-stock.002-300x169.jpeg 300w, https:\/\/wg.sunlightchurch.com\/wp-content\/uploads\/2024\/03\/WG-bible-studies-stock.002-1024x576.jpeg 1024w, https:\/\/wg.sunlightchurch.com\/wp-content\/uploads\/2024\/03\/WG-bible-studies-stock.002-768x432.jpeg 768w, https:\/\/wg.sunlightchurch.com\/wp-content\/uploads\/2024\/03\/WG-bible-studies-stock.002-48x27.jpeg 48w, https:\/\/wg.sunlightchurch.com\/wp-content\/uploads\/2024\/03\/WG-bible-studies-stock.002-1000x563.jpeg 1000w, https:\/\/wg.sunlightchurch.com\/wp-content\/uploads\/2024\/03\/WG-bible-studies-stock.002-600x338.jpeg 600w, https:\/\/wg.sunlightchurch.com\/wp-content\/uploads\/2024\/03\/WG-bible-studies-stock.002-200x113.jpeg 200w, https:\/\/wg.sunlightchurch.com\/wp-content\/uploads\/2024\/03\/WG-bible-studies-stock.002-18x10.jpeg 18w\" sizes=\"(max-width: 1200px) 100vw, 1200px\" \/>\t\t\t\t\t\t\t\t\t\t\t\t\t\t\t<\/div>\n\t\t\t\t<\/div>\n\t\t\t\t<div class=\"elementor-element elementor-element-3c7e120 elementor-widget elementor-widget-heading\" data-id=\"3c7e120\" data-element_type=\"widget\" data-widget_type=\"heading.default\">\n\t\t\t\t<div class=\"elementor-widget-container\">\n\t\t\t\t\t<h2 class=\"elementor-heading-title elementor-size-default\">Leitura P\u00fablica das Escrituras<\/h2>\t\t\t\t<\/div>\n\t\t\t\t<\/div>\n\t\t\t\t<div class=\"elementor-element elementor-element-61203ae elementor-widget elementor-widget-text-editor\" data-id=\"61203ae\" data-element_type=\"widget\" data-widget_type=\"text-editor.default\">\n\t\t\t\t<div class=\"elementor-widget-container\">\n\t\t\t\t\t\t\t\t\t<p><span style=\"font-weight: 400;\">Todas as ter\u00e7as-feiras (a partir de 4 de junho) \u00e0s 12h nos encontraremos para ler a B\u00edblia juntos no grupo de Leitura P\u00fablica das Escrituras. <span class=\"OYPEnA text-decoration-none text-strikethrough-none\">A Leitura P\u00fablica das Escrituras (PROS) \u00e9 a pr\u00e1tica b\u00edblica de ouvir a B\u00edblia juntos. Ouviremos e leremos a B\u00edblia juntos e depois teremos um breve debate, tudo dentro de uma hora.<\/span><\/span><\/p>\t\t\t\t\t\t\t\t<\/div>\n\t\t\t\t<\/div>\n\t\t\t\t\t<\/div>\n\t\t<\/div>\n\t\t\t\t<div class=\"elementor-column elementor-col-50 elementor-top-column elementor-element elementor-element-0be31b9\" data-id=\"0be31b9\" data-element_type=\"column\">\n\t\t\t<div class=\"elementor-widget-wrap elementor-element-populated\">\n\t\t\t\t\t\t<div class=\"elementor-element elementor-element-ec5a9a0 elementor-widget elementor-widget-image\" data-id=\"ec5a9a0\" data-element_type=\"widget\" data-widget_type=\"image.default\">\n\t\t\t\t<div class=\"elementor-widget-container\">\n\t\t\t\t\t\t\t\t\t\t\t\t\t\t\t<img decoding=\"async\" width=\"800\" height=\"450\" src=\"https:\/\/wg.sunlightchurch.com\/wp-content\/uploads\/2024\/03\/WG-bible-studies-stock.001-1024x576.jpeg\" class=\"attachment-large size-large wp-image-11489\" alt=\"\" srcset=\"https:\/\/wg.sunlightchurch.com\/wp-content\/uploads\/2024\/03\/WG-bible-studies-stock.001-1024x576.jpeg 1024w, https:\/\/wg.sunlightchurch.com\/wp-content\/uploads\/2024\/03\/WG-bible-studies-stock.001-300x169.jpeg 300w, https:\/\/wg.sunlightchurch.com\/wp-content\/uploads\/2024\/03\/WG-bible-studies-stock.001-768x432.jpeg 768w, https:\/\/wg.sunlightchurch.com\/wp-content\/uploads\/2024\/03\/WG-bible-studies-stock.001-48x27.jpeg 48w, https:\/\/wg.sunlightchurch.com\/wp-content\/uploads\/2024\/03\/WG-bible-studies-stock.001-1000x563.jpeg 1000w, https:\/\/wg.sunlightchurch.com\/wp-content\/uploads\/2024\/03\/WG-bible-studies-stock.001-600x338.jpeg 600w, https:\/\/wg.sunlightchurch.com\/wp-content\/uploads\/2024\/03\/WG-bible-studies-stock.001-200x113.jpeg 200w, https:\/\/wg.sunlightchurch.com\/wp-content\/uploads\/2024\/03\/WG-bible-studies-stock.001-18x10.jpeg 18w, https:\/\/wg.sunlightchurch.com\/wp-content\/uploads\/2024\/03\/WG-bible-studies-stock.001.jpeg 1200w\" sizes=\"(max-width: 800px) 100vw, 800px\" \/>\t\t\t\t\t\t\t\t\t\t\t\t\t\t\t<\/div>\n\t\t\t\t<\/div>\n\t\t\t\t<div class=\"elementor-element elementor-element-1a73cb0 elementor-widget elementor-widget-heading\" data-id=\"1a73cb0\" data-element_type=\"widget\" data-widget_type=\"heading.default\">\n\t\t\t\t<div class=\"elementor-widget-container\">\n\t\t\t\t\t<h2 class=\"elementor-heading-title elementor-size-default\">Quinta-feira \u00e0s 19h<\/h2>\t\t\t\t<\/div>\n\t\t\t\t<\/div>\n\t\t\t\t<div class=\"elementor-element elementor-element-7985c89 elementor-widget elementor-widget-text-editor\" data-id=\"7985c89\" data-element_type=\"widget\" data-widget_type=\"text-editor.default\">\n\t\t\t\t<div class=\"elementor-widget-container\">\n\t\t\t\t\t\t\t\t\t<p><span style=\"font-weight: 400;\">Os pastores Juan e Jason conduzem um estudo b\u00edblico em ingl\u00eas nas quintas-feiras \u00e0 noite na igreja. Para mais informa\u00e7\u00f5es envie um e-mail para juan@sunlightcc.org ou jason@sunlightcc.org<\/span><\/p>\t\t\t\t\t\t\t\t<\/div>\n\t\t\t\t<\/div>\n\t\t\t\t\t<\/div>\n\t\t<\/div>\n\t\t\t\t\t<\/div>\n\t\t<\/section>\n\t\t\t\t<\/div>","protected":false},"excerpt":{"rendered":"<p>Estudos B\u00edblicos Pois tudo o que foi escrito no passado, foi escrito para nos ensinar, de forma que, por meio da perseveran\u00e7a e do bom \u00e2nimo demonstrados nas Escrituras, [\u2026]<\/p>","protected":false},"author":2,"featured_media":0,"parent":979,"menu_order":0,"comment_status":"closed","ping_status":"closed","template":"","meta":{"footnotes":""},"class_list":["post-11487","page","type-page","status-publish","hentry"],"_links":{"self":[{"href":"https:\/\/wg.sunlightchurch.com\/pt\/wp-json\/wp\/v2\/pages\/11487","targetHints":{"allow":["GET"]}}],"collection":[{"href":"https:\/\/wg.sunlightchurch.com\/pt\/wp-json\/wp\/v2\/pages"}],"about":[{"href":"https:\/\/wg.sunlightchurch.com\/pt\/wp-json\/wp\/v2\/types\/page"}],"author":[{"embeddable":true,"href":"https:\/\/wg.sunlightchurch.com\/pt\/wp-json\/wp\/v2\/users\/2"}],"replies":[{"embeddable":true,"href":"https:\/\/wg.sunlightchurch.com\/pt\/wp-json\/wp\/v2\/comments?post=11487"}],"version-history":[{"count":13,"href":"https:\/\/wg.sunlightchurch.com\/pt\/wp-json\/wp\/v2\/pages\/11487\/revisions"}],"predecessor-version":[{"id":12177,"href":"https:\/\/wg.sunlightchurch.com\/pt\/wp-json\/wp\/v2\/pages\/11487\/revisions\/12177"}],"up":[{"embeddable":true,"href":"https:\/\/wg.sunlightchurch.com\/pt\/wp-json\/wp\/v2\/pages\/979"}],"wp:attachment":[{"href":"https:\/\/wg.sunlightchurch.com\/pt\/wp-json\/wp\/v2\/media?parent=11487"}],"curies":[{"name":"wp","href":"https:\/\/api.w.org\/{rel}","templated":true}]}}