{"id":979,"date":"2020-03-31T17:15:34","date_gmt":"2020-03-31T21:15:34","guid":{"rendered":"https:\/\/wg.sunlightchurch.com\/?page_id=979"},"modified":"2024-03-14T13:02:18","modified_gmt":"2024-03-14T17:02:18","slug":"ministries","status":"publish","type":"page","link":"https:\/\/wg.sunlightchurch.com\/es\/ministries\/","title":{"rendered":"Ministerios"},"content":{"rendered":"<div data-elementor-type=\"wp-page\" data-elementor-id=\"979\" class=\"elementor elementor-979\" data-elementor-post-type=\"page\">\n\t\t\t\t\t\t<section class=\"elementor-section elementor-top-section elementor-element elementor-element-8f50f87 elementor-section-boxed elementor-section-height-default elementor-section-height-default\" data-id=\"8f50f87\" data-element_type=\"section\">\n\t\t\t\t\t\t<div class=\"elementor-container elementor-column-gap-default\">\n\t\t\t\t\t<div class=\"elementor-column elementor-col-100 elementor-top-column elementor-element elementor-element-67e9b21\" data-id=\"67e9b21\" data-element_type=\"column\">\n\t\t\t<div class=\"elementor-widget-wrap elementor-element-populated\">\n\t\t\t\t\t\t<div class=\"elementor-element elementor-element-68a44b0 elementor-widget elementor-widget-image\" data-id=\"68a44b0\" data-element_type=\"widget\" data-widget_type=\"image.default\">\n\t\t\t\t<div class=\"elementor-widget-container\">\n\t\t\t\t\t\t\t\t\t\t\t\t\t\t\t<img decoding=\"async\" src=\"http:\/\/wg.sunlightchurch.com\/wp-content\/uploads\/2020\/03\/get-involved-tabs.003.jpeg\" title=\"\" alt=\"\" loading=\"lazy\" \/>\t\t\t\t\t\t\t\t\t\t\t\t\t\t\t<\/div>\n\t\t\t\t<\/div>\n\t\t\t\t<div class=\"elementor-element elementor-element-b4e991d elementor-hidden-tablet elementor-hidden-mobile elementor-widget elementor-widget-heading\" data-id=\"b4e991d\" data-element_type=\"widget\" data-widget_type=\"heading.default\">\n\t\t\t\t<div class=\"elementor-widget-container\">\n\t\t\t\t\t<h1 class=\"elementor-heading-title elementor-size-xl\">Con\u00e9ctese con otros y construya relaciones en Sunlight.<\/h1>\t\t\t\t<\/div>\n\t\t\t\t<\/div>\n\t\t\t\t<div class=\"elementor-element elementor-element-6e144a9 elementor-widget elementor-widget-text-editor\" data-id=\"6e144a9\" data-element_type=\"widget\" data-widget_type=\"text-editor.default\">\n\t\t\t\t<div class=\"elementor-widget-container\">\n\t\t\t\t\t\t\t\t\t<h3 class=\"elementor-heading-title elementor-size-default elementor-inline-editing pen\" contenteditable=\"true\" data-elementor-setting-key=\"title\" data-pen-placeholder=\"Type Here...\">Descubra amistades para toda la vida centradas en Jes\u00fas.<\/h3>\t\t\t\t\t\t\t\t<\/div>\n\t\t\t\t<\/div>\n\t\t\t\t\t<\/div>\n\t\t<\/div>\n\t\t\t\t\t<\/div>\n\t\t<\/section>\n\t\t\t\t<section class=\"elementor-section elementor-top-section elementor-element elementor-element-abd6177 elementor-section-boxed elementor-section-height-default elementor-section-height-default\" data-id=\"abd6177\" data-element_type=\"section\">\n\t\t\t\t\t\t<div class=\"elementor-container elementor-column-gap-default\">\n\t\t\t\t\t<div class=\"elementor-column elementor-col-50 elementor-top-column elementor-element elementor-element-737c302\" data-id=\"737c302\" data-element_type=\"column\">\n\t\t\t<div class=\"elementor-widget-wrap elementor-element-populated\">\n\t\t\t\t\t\t<div class=\"elementor-element elementor-element-2c9b10d brd-radius elementor-widget elementor-widget-image\" data-id=\"2c9b10d\" data-element_type=\"widget\" data-widget_type=\"image.default\">\n\t\t\t\t<div class=\"elementor-widget-container\">\n\t\t\t\t\t\t\t\t\t\t\t\t\t\t\t\t<a href=\"https:\/\/wg.sunlightchurch.com\/es\/calendar\/\" target=\"_blank\">\n\t\t\t\t\t\t\t<img decoding=\"async\" src=\"https:\/\/wg.sunlightchurch.com\/wp-content\/uploads\/2024\/03\/calendar-wg.001.jpeg\" title=\"calendario\" alt=\"calendar\" class=\"elementor-animation-float\" loading=\"lazy\" \/>\t\t\t\t\t\t\t\t<\/a>\n\t\t\t\t\t\t\t\t\t\t\t\t\t\t\t<\/div>\n\t\t\t\t<\/div>\n\t\t\t\t<div class=\"elementor-element elementor-element-7711f70 elementor-widget elementor-widget-heading\" data-id=\"7711f70\" data-element_type=\"widget\" data-widget_type=\"heading.default\">\n\t\t\t\t<div class=\"elementor-widget-container\">\n\t\t\t\t\t<h2 class=\"elementor-heading-title elementor-size-default\">Calendario de luz solar<\/h2>\t\t\t\t<\/div>\n\t\t\t\t<\/div>\n\t\t\t\t<div class=\"elementor-element elementor-element-515d577 elementor-widget elementor-widget-text-editor\" data-id=\"515d577\" data-element_type=\"widget\" data-widget_type=\"text-editor.default\">\n\t\t\t\t<div class=\"elementor-widget-container\">\n\t\t\t\t\t\t\t\t\t<p class=\"p1\">\u00bfQuieres conectarte con la comunidad Sunlight? \u00a1Encontrar\u00e1s toda la informaci\u00f3n en nuestro calendario!<\/p>\t\t\t\t\t\t\t\t<\/div>\n\t\t\t\t<\/div>\n\t\t\t\t<div class=\"elementor-element elementor-element-eae3867 elementor-align-left elementor-widget elementor-widget-button\" data-id=\"eae3867\" data-element_type=\"widget\" data-widget_type=\"button.default\">\n\t\t\t\t<div class=\"elementor-widget-container\">\n\t\t\t\t\t\t\t\t\t<div class=\"elementor-button-wrapper\">\n\t\t\t\t\t<a class=\"elementor-button elementor-button-link elementor-size-sm\" href=\"https:\/\/wg.sunlightchurch.com\/es\/calendar\/\" target=\"_blank\">\n\t\t\t\t\t\t<span class=\"elementor-button-content-wrapper\">\n\t\t\t\t\t\t<span class=\"elementor-button-icon\">\n\t\t\t\t<svg xmlns=\"http:\/\/www.w3.org\/2000\/svg\" width=\"19.613\" height=\"9.5\" viewbox=\"0 0 19.613 9.5\"><g id=\"left-arrow\" transform=\"translate(19.612 141.5) rotate(180)\"><g id=\"Group_42\" data-name=\"Group 42\" transform=\"translate(0 132)\"><path id=\"Path_29\" data-name=\"Path 29\" d=\"M18.846,135.984H2.621l2.688-2.675a.766.766,0,0,0-1.081-1.086l-4,3.984h0a.767.767,0,0,0,0,1.085h0l4,3.984a.766.766,0,0,0,1.081-1.086l-2.688-2.675H18.846a.766.766,0,1,0,0-1.532Z\" transform=\"translate(0 -132)\" fill=\"#ff671f\"><\/path><\/g><\/g><\/svg>\t\t\t<\/span>\n\t\t\t\t\t\t\t\t\t<span class=\"elementor-button-text\">Ver calendario<\/span>\n\t\t\t\t\t<\/span>\n\t\t\t\t\t<\/a>\n\t\t\t\t<\/div>\n\t\t\t\t\t\t\t\t<\/div>\n\t\t\t\t<\/div>\n\t\t\t\t\t<\/div>\n\t\t<\/div>\n\t\t\t\t<div class=\"elementor-column elementor-col-50 elementor-top-column elementor-element elementor-element-2a626b1\" data-id=\"2a626b1\" data-element_type=\"column\">\n\t\t\t<div class=\"elementor-widget-wrap elementor-element-populated\">\n\t\t\t\t\t\t<div class=\"elementor-element elementor-element-5c3dafb brd-radius elementor-widget elementor-widget-image\" data-id=\"5c3dafb\" data-element_type=\"widget\" data-widget_type=\"image.default\">\n\t\t\t\t<div class=\"elementor-widget-container\">\n\t\t\t\t\t\t\t\t\t\t\t\t\t\t\t\t<a href=\"https:\/\/sunlightcc.churchcenter.com\/people\/forms\/713091\" target=\"_blank\">\n\t\t\t\t\t\t\t<img decoding=\"async\" src=\"https:\/\/wg.sunlightchurch.com\/wp-content\/uploads\/elementor\/thumbs\/wg-baptism.008-r3h6njt2tgze1pw1kmwnz0d0uiof26tg0yh53q524a.jpeg\" title=\"Servir equipos\" alt=\"Serve Teams\" class=\"elementor-animation-float\" loading=\"lazy\" \/>\t\t\t\t\t\t\t\t<\/a>\n\t\t\t\t\t\t\t\t\t\t\t\t\t\t\t<\/div>\n\t\t\t\t<\/div>\n\t\t\t\t<div class=\"elementor-element elementor-element-48669e7 elementor-widget elementor-widget-heading\" data-id=\"48669e7\" data-element_type=\"widget\" data-widget_type=\"heading.default\">\n\t\t\t\t<div class=\"elementor-widget-container\">\n\t\t\t\t\t<h2 class=\"elementor-heading-title elementor-size-default\">Servir en un equipo<\/h2>\t\t\t\t<\/div>\n\t\t\t\t<\/div>\n\t\t\t\t<div class=\"elementor-element elementor-element-6099a4e elementor-widget elementor-widget-text-editor\" data-id=\"6099a4e\" data-element_type=\"widget\" data-widget_type=\"text-editor.default\">\n\t\t\t\t<div class=\"elementor-widget-container\">\n\t\t\t\t\t\t\t\t\t<p class=\"p1\">\u00a1Aprovecha la oportunidad de cambiar una vida uni\u00e9ndote a un equipo donde podr\u00e1s estar m\u00e1s conectado dentro de la iglesia!<\/p>\t\t\t\t\t\t\t\t<\/div>\n\t\t\t\t<\/div>\n\t\t\t\t<div class=\"elementor-element elementor-element-2917d80 elementor-align-left elementor-widget elementor-widget-button\" data-id=\"2917d80\" data-element_type=\"widget\" data-widget_type=\"button.default\">\n\t\t\t\t<div class=\"elementor-widget-container\">\n\t\t\t\t\t\t\t\t\t<div class=\"elementor-button-wrapper\">\n\t\t\t\t\t<a class=\"elementor-button elementor-button-link elementor-size-sm\" href=\"https:\/\/sunlightcc.churchcenter.com\/people\/forms\/713091\" target=\"_blank\">\n\t\t\t\t\t\t<span class=\"elementor-button-content-wrapper\">\n\t\t\t\t\t\t<span class=\"elementor-button-icon\">\n\t\t\t\t<svg xmlns=\"http:\/\/www.w3.org\/2000\/svg\" width=\"19.613\" height=\"9.5\" viewbox=\"0 0 19.613 9.5\"><g id=\"left-arrow\" transform=\"translate(19.612 141.5) rotate(180)\"><g id=\"Group_42\" data-name=\"Group 42\" transform=\"translate(0 132)\"><path id=\"Path_29\" data-name=\"Path 29\" d=\"M18.846,135.984H2.621l2.688-2.675a.766.766,0,0,0-1.081-1.086l-4,3.984h0a.767.767,0,0,0,0,1.085h0l4,3.984a.766.766,0,0,0,1.081-1.086l-2.688-2.675H18.846a.766.766,0,1,0,0-1.532Z\" transform=\"translate(0 -132)\" fill=\"#ff671f\"><\/path><\/g><\/g><\/svg>\t\t\t<\/span>\n\t\t\t\t\t\t\t\t\t<span class=\"elementor-button-text\">Entra a un equipo<\/span>\n\t\t\t\t\t<\/span>\n\t\t\t\t\t<\/a>\n\t\t\t\t<\/div>\n\t\t\t\t\t\t\t\t<\/div>\n\t\t\t\t<\/div>\n\t\t\t\t\t<\/div>\n\t\t<\/div>\n\t\t\t\t\t<\/div>\n\t\t<\/section>\n\t\t\t\t<section class=\"elementor-section elementor-top-section elementor-element elementor-element-f8bbad2 elementor-section-boxed elementor-section-height-default elementor-section-height-default\" data-id=\"f8bbad2\" data-element_type=\"section\">\n\t\t\t\t\t\t<div class=\"elementor-container elementor-column-gap-default\">\n\t\t\t\t\t<div class=\"elementor-column elementor-col-50 elementor-top-column elementor-element elementor-element-f052941\" data-id=\"f052941\" data-element_type=\"column\">\n\t\t\t<div class=\"elementor-widget-wrap elementor-element-populated\">\n\t\t\t\t\t\t<div class=\"elementor-element elementor-element-f0d2648 brd-radius elementor-widget elementor-widget-image\" data-id=\"f0d2648\" data-element_type=\"widget\" data-widget_type=\"image.default\">\n\t\t\t\t<div class=\"elementor-widget-container\">\n\t\t\t\t\t\t\t\t\t\t\t\t\t\t\t\t<a href=\"https:\/\/sunlightcc.churchcenter.com\/people\/forms\/713079\" target=\"_blank\">\n\t\t\t\t\t\t\t<img decoding=\"async\" src=\"https:\/\/wg.sunlightchurch.com\/wp-content\/uploads\/2024\/03\/wg-baptism.001.jpeg\" title=\"Bautismo 1\" alt=\"Baptism 1\" class=\"elementor-animation-float\" loading=\"lazy\" \/>\t\t\t\t\t\t\t\t<\/a>\n\t\t\t\t\t\t\t\t\t\t\t\t\t\t\t<\/div>\n\t\t\t\t<\/div>\n\t\t\t\t<div class=\"elementor-element elementor-element-ec475bd elementor-widget elementor-widget-heading\" data-id=\"ec475bd\" data-element_type=\"widget\" data-widget_type=\"heading.default\">\n\t\t\t\t<div class=\"elementor-widget-container\">\n\t\t\t\t\t<h2 class=\"elementor-heading-title elementor-size-default\">Baut\u00edzate<\/h2>\t\t\t\t<\/div>\n\t\t\t\t<\/div>\n\t\t\t\t<div class=\"elementor-element elementor-element-2adee01 elementor-widget elementor-widget-text-editor\" data-id=\"2adee01\" data-element_type=\"widget\" data-widget_type=\"text-editor.default\">\n\t\t\t\t<div class=\"elementor-widget-container\">\n\t\t\t\t\t\t\t\t\t<p>Si est\u00e1 interesado en el bautismo, complete el formulario y \u00fanase a nosotros en nuestro servicio de adoraci\u00f3n o en la playa.<\/p>\t\t\t\t\t\t\t\t<\/div>\n\t\t\t\t<\/div>\n\t\t\t\t<div class=\"elementor-element elementor-element-56c3771 elementor-align-left elementor-widget elementor-widget-button\" data-id=\"56c3771\" data-element_type=\"widget\" data-widget_type=\"button.default\">\n\t\t\t\t<div class=\"elementor-widget-container\">\n\t\t\t\t\t\t\t\t\t<div class=\"elementor-button-wrapper\">\n\t\t\t\t\t<a class=\"elementor-button elementor-button-link elementor-size-sm\" href=\"https:\/\/sunlightcc.churchcenter.com\/people\/forms\/713079\" target=\"_blank\">\n\t\t\t\t\t\t<span class=\"elementor-button-content-wrapper\">\n\t\t\t\t\t\t<span class=\"elementor-button-icon\">\n\t\t\t\t<svg xmlns=\"http:\/\/www.w3.org\/2000\/svg\" width=\"19.613\" height=\"9.5\" viewbox=\"0 0 19.613 9.5\"><g id=\"left-arrow\" transform=\"translate(19.612 141.5) rotate(180)\"><g id=\"Group_42\" data-name=\"Group 42\" transform=\"translate(0 132)\"><path id=\"Path_29\" data-name=\"Path 29\" d=\"M18.846,135.984H2.621l2.688-2.675a.766.766,0,0,0-1.081-1.086l-4,3.984h0a.767.767,0,0,0,0,1.085h0l4,3.984a.766.766,0,0,0,1.081-1.086l-2.688-2.675H18.846a.766.766,0,1,0,0-1.532Z\" transform=\"translate(0 -132)\" fill=\"#ff671f\"><\/path><\/g><\/g><\/svg>\t\t\t<\/span>\n\t\t\t\t\t\t\t\t\t<span class=\"elementor-button-text\">Baut\u00edzate<\/span>\n\t\t\t\t\t<\/span>\n\t\t\t\t\t<\/a>\n\t\t\t\t<\/div>\n\t\t\t\t\t\t\t\t<\/div>\n\t\t\t\t<\/div>\n\t\t\t\t\t<\/div>\n\t\t<\/div>\n\t\t\t\t<div class=\"elementor-column elementor-col-50 elementor-top-column elementor-element elementor-element-50c7910\" data-id=\"50c7910\" data-element_type=\"column\">\n\t\t\t<div class=\"elementor-widget-wrap elementor-element-populated\">\n\t\t\t\t\t\t<div class=\"elementor-element elementor-element-2266755 brd-radius elementor-widget elementor-widget-image\" data-id=\"2266755\" data-element_type=\"widget\" data-widget_type=\"image.default\">\n\t\t\t\t<div class=\"elementor-widget-container\">\n\t\t\t\t\t\t\t\t\t\t\t\t\t\t\t\t<a href=\"https:\/\/www.222disciple.com\/\" target=\"_blank\">\n\t\t\t\t\t\t\t<img decoding=\"async\" src=\"https:\/\/wg.sunlightchurch.com\/wp-content\/uploads\/2024\/03\/womens-bible-study.001.jpeg\" title=\"Estudio b\u00edblico para mujeres.001\" alt=\"womens bible study.001\" class=\"elementor-animation-float\" loading=\"lazy\" \/>\t\t\t\t\t\t\t\t<\/a>\n\t\t\t\t\t\t\t\t\t\t\t\t\t\t\t<\/div>\n\t\t\t\t<\/div>\n\t\t\t\t<div class=\"elementor-element elementor-element-c507ef6 elementor-widget elementor-widget-heading\" data-id=\"c507ef6\" data-element_type=\"widget\" data-widget_type=\"heading.default\">\n\t\t\t\t<div class=\"elementor-widget-container\">\n\t\t\t\t\t<h2 class=\"elementor-heading-title elementor-size-default\">Convi\u00e9rtete en un disc\u00edpulo de Jes\u00fas<\/h2>\t\t\t\t<\/div>\n\t\t\t\t<\/div>\n\t\t\t\t<div class=\"elementor-element elementor-element-cd989e5 elementor-widget elementor-widget-text-editor\" data-id=\"cd989e5\" data-element_type=\"widget\" data-widget_type=\"text-editor.default\">\n\t\t\t\t<div class=\"elementor-widget-container\">\n\t\t\t\t\t\t\t\t\t<p>Responda a la Gran Comisi\u00f3n y reciba capacitaci\u00f3n b\u00edblica de un Hacedor de Disc\u00edpulos certificado. \u00a1Luego capacite a otra persona usted mismo!<\/p>\t\t\t\t\t\t\t\t<\/div>\n\t\t\t\t<\/div>\n\t\t\t\t<div class=\"elementor-element elementor-element-42f9b29 elementor-align-left elementor-widget elementor-widget-button\" data-id=\"42f9b29\" data-element_type=\"widget\" data-widget_type=\"button.default\">\n\t\t\t\t<div class=\"elementor-widget-container\">\n\t\t\t\t\t\t\t\t\t<div class=\"elementor-button-wrapper\">\n\t\t\t\t\t<a class=\"elementor-button elementor-button-link elementor-size-sm\" href=\"https:\/\/www.222disciple.com\/\" target=\"_blank\">\n\t\t\t\t\t\t<span class=\"elementor-button-content-wrapper\">\n\t\t\t\t\t\t<span class=\"elementor-button-icon\">\n\t\t\t\t<svg xmlns=\"http:\/\/www.w3.org\/2000\/svg\" width=\"19.613\" height=\"9.5\" viewbox=\"0 0 19.613 9.5\"><g id=\"left-arrow\" transform=\"translate(19.612 141.5) rotate(180)\"><g id=\"Group_42\" data-name=\"Group 42\" transform=\"translate(0 132)\"><path id=\"Path_29\" data-name=\"Path 29\" d=\"M18.846,135.984H2.621l2.688-2.675a.766.766,0,0,0-1.081-1.086l-4,3.984h0a.767.767,0,0,0,0,1.085h0l4,3.984a.766.766,0,0,0,1.081-1.086l-2.688-2.675H18.846a.766.766,0,1,0,0-1.532Z\" transform=\"translate(0 -132)\" fill=\"#ff671f\"><\/path><\/g><\/g><\/svg>\t\t\t<\/span>\n\t\t\t\t\t\t\t\t\t<span class=\"elementor-button-text\">Obtenga m\u00e1s informaci\u00f3n sobre nuestro programa de discipulado<\/span>\n\t\t\t\t\t<\/span>\n\t\t\t\t\t<\/a>\n\t\t\t\t<\/div>\n\t\t\t\t\t\t\t\t<\/div>\n\t\t\t\t<\/div>\n\t\t\t\t\t<\/div>\n\t\t<\/div>\n\t\t\t\t\t<\/div>\n\t\t<\/section>\n\t\t\t\t<section class=\"elementor-section elementor-top-section elementor-element elementor-element-d1c0b37 elementor-section-boxed elementor-section-height-default elementor-section-height-default\" data-id=\"d1c0b37\" data-element_type=\"section\">\n\t\t\t\t\t\t<div class=\"elementor-container elementor-column-gap-default\">\n\t\t\t\t\t<div class=\"elementor-column elementor-col-50 elementor-top-column elementor-element elementor-element-9e71cc3\" data-id=\"9e71cc3\" data-element_type=\"column\">\n\t\t\t<div class=\"elementor-widget-wrap elementor-element-populated\">\n\t\t\t\t\t\t<div class=\"elementor-element elementor-element-a5175df brd-radius elementor-widget elementor-widget-image\" data-id=\"a5175df\" data-element_type=\"widget\" data-widget_type=\"image.default\">\n\t\t\t\t<div class=\"elementor-widget-container\">\n\t\t\t\t\t\t\t\t\t\t\t\t\t\t\t\t<a href=\"http:\/\/wg.sunlightchurch.com\/es\/mens-ministry\/\" target=\"_blank\">\n\t\t\t\t\t\t\t<img decoding=\"async\" src=\"https:\/\/wg.sunlightchurch.com\/wp-content\/uploads\/2023\/10\/ribbon-cutting.jpg\" title=\"corte de cinta\" alt=\"ribbon cutting\" class=\"elementor-animation-float\" loading=\"lazy\" \/>\t\t\t\t\t\t\t\t<\/a>\n\t\t\t\t\t\t\t\t\t\t\t\t\t\t\t<\/div>\n\t\t\t\t<\/div>\n\t\t\t\t<div class=\"elementor-element elementor-element-fb9c5ec elementor-widget elementor-widget-heading\" data-id=\"fb9c5ec\" data-element_type=\"widget\" data-widget_type=\"heading.default\">\n\t\t\t\t<div class=\"elementor-widget-container\">\n\t\t\t\t\t<h2 class=\"elementor-heading-title elementor-size-default\">Ministerio de ni\u00f1os<\/h2>\t\t\t\t<\/div>\n\t\t\t\t<\/div>\n\t\t\t\t<div class=\"elementor-element elementor-element-a50fc84 elementor-widget elementor-widget-text-editor\" data-id=\"a50fc84\" data-element_type=\"widget\" data-widget_type=\"text-editor.default\">\n\t\t\t\t<div class=\"elementor-widget-container\">\n\t\t\t\t\t\t\t\t\t<p>Conozca nuestro ministerio de ni\u00f1os y c\u00f3mo Dios quiere bendecir a su familia.<\/p>\t\t\t\t\t\t\t\t<\/div>\n\t\t\t\t<\/div>\n\t\t\t\t<div class=\"elementor-element elementor-element-0eff5ce elementor-align-left elementor-widget elementor-widget-button\" data-id=\"0eff5ce\" data-element_type=\"widget\" data-widget_type=\"button.default\">\n\t\t\t\t<div class=\"elementor-widget-container\">\n\t\t\t\t\t\t\t\t\t<div class=\"elementor-button-wrapper\">\n\t\t\t\t\t<a class=\"elementor-button elementor-button-link elementor-size-sm\" href=\"https:\/\/wg.sunlightchurch.com\/es\/ministries\/children\/\" target=\"_blank\">\n\t\t\t\t\t\t<span class=\"elementor-button-content-wrapper\">\n\t\t\t\t\t\t<span class=\"elementor-button-icon\">\n\t\t\t\t<svg xmlns=\"http:\/\/www.w3.org\/2000\/svg\" width=\"19.613\" height=\"9.5\" viewbox=\"0 0 19.613 9.5\"><g id=\"left-arrow\" transform=\"translate(19.612 141.5) rotate(180)\"><g id=\"Group_42\" data-name=\"Group 42\" transform=\"translate(0 132)\"><path id=\"Path_29\" data-name=\"Path 29\" d=\"M18.846,135.984H2.621l2.688-2.675a.766.766,0,0,0-1.081-1.086l-4,3.984h0a.767.767,0,0,0,0,1.085h0l4,3.984a.766.766,0,0,0,1.081-1.086l-2.688-2.675H18.846a.766.766,0,1,0,0-1.532Z\" transform=\"translate(0 -132)\" fill=\"#ff671f\"><\/path><\/g><\/g><\/svg>\t\t\t<\/span>\n\t\t\t\t\t\t\t\t\t<span class=\"elementor-button-text\">Conozca m\u00e1s sobre el ministerio infantil<\/span>\n\t\t\t\t\t<\/span>\n\t\t\t\t\t<\/a>\n\t\t\t\t<\/div>\n\t\t\t\t\t\t\t\t<\/div>\n\t\t\t\t<\/div>\n\t\t\t\t\t<\/div>\n\t\t<\/div>\n\t\t\t\t<div class=\"elementor-column elementor-col-50 elementor-top-column elementor-element elementor-element-1acb01b\" data-id=\"1acb01b\" data-element_type=\"column\">\n\t\t\t<div class=\"elementor-widget-wrap elementor-element-populated\">\n\t\t\t\t\t\t<div class=\"elementor-element elementor-element-2d0694c brd-radius elementor-widget elementor-widget-image\" data-id=\"2d0694c\" data-element_type=\"widget\" data-widget_type=\"image.default\">\n\t\t\t\t<div class=\"elementor-widget-container\">\n\t\t\t\t\t\t\t\t\t\t\t\t\t\t\t\t<a href=\"https:\/\/wg.sunlightchurch.com\/es\/ministries\/bible-studies\/\" target=\"_blank\">\n\t\t\t\t\t\t\t<img decoding=\"async\" src=\"https:\/\/wg.sunlightchurch.com\/wp-content\/uploads\/2023\/11\/care-ministry.002.jpeg\" title=\"Ministerio de cuidados\" alt=\"Prayer team\" class=\"elementor-animation-float\" loading=\"lazy\" \/>\t\t\t\t\t\t\t\t<\/a>\n\t\t\t\t\t\t\t\t\t\t\t\t\t\t\t<\/div>\n\t\t\t\t<\/div>\n\t\t\t\t<div class=\"elementor-element elementor-element-b3cd9a0 elementor-widget elementor-widget-heading\" data-id=\"b3cd9a0\" data-element_type=\"widget\" data-widget_type=\"heading.default\">\n\t\t\t\t<div class=\"elementor-widget-container\">\n\t\t\t\t\t<h2 class=\"elementor-heading-title elementor-size-default\">Estudios b\u00edblicos<\/h2>\t\t\t\t<\/div>\n\t\t\t\t<\/div>\n\t\t\t\t<div class=\"elementor-element elementor-element-1764572 elementor-widget elementor-widget-text-editor\" data-id=\"1764572\" data-element_type=\"widget\" data-widget_type=\"text-editor.default\">\n\t\t\t\t<div class=\"elementor-widget-container\">\n\t\t\t\t\t\t\t\t\t<p>\u00danase a otros cristianos y sum\u00e9rjase en un rico estudio b\u00edblico que se adapte a su horario.\u00a0<\/p>\t\t\t\t\t\t\t\t<\/div>\n\t\t\t\t<\/div>\n\t\t\t\t<div class=\"elementor-element elementor-element-f371b7c elementor-align-left elementor-widget elementor-widget-button\" data-id=\"f371b7c\" data-element_type=\"widget\" data-widget_type=\"button.default\">\n\t\t\t\t<div class=\"elementor-widget-container\">\n\t\t\t\t\t\t\t\t\t<div class=\"elementor-button-wrapper\">\n\t\t\t\t\t<a class=\"elementor-button elementor-button-link elementor-size-sm\" href=\"http:\/\/wg.sunlightchurch.com\/es\/womens-ministry\/\" target=\"_blank\">\n\t\t\t\t\t\t<span class=\"elementor-button-content-wrapper\">\n\t\t\t\t\t\t<span class=\"elementor-button-icon\">\n\t\t\t\t<svg xmlns=\"http:\/\/www.w3.org\/2000\/svg\" width=\"19.613\" height=\"9.5\" viewbox=\"0 0 19.613 9.5\"><g id=\"left-arrow\" transform=\"translate(19.612 141.5) rotate(180)\"><g id=\"Group_42\" data-name=\"Group 42\" transform=\"translate(0 132)\"><path id=\"Path_29\" data-name=\"Path 29\" d=\"M18.846,135.984H2.621l2.688-2.675a.766.766,0,0,0-1.081-1.086l-4,3.984h0a.767.767,0,0,0,0,1.085h0l4,3.984a.766.766,0,0,0,1.081-1.086l-2.688-2.675H18.846a.766.766,0,1,0,0-1.532Z\" transform=\"translate(0 -132)\" fill=\"#ff671f\"><\/path><\/g><\/g><\/svg>\t\t\t<\/span>\n\t\t\t\t\t\t\t\t\t<span class=\"elementor-button-text\">Horarios de estudio b\u00edblico <\/span>\n\t\t\t\t\t<\/span>\n\t\t\t\t\t<\/a>\n\t\t\t\t<\/div>\n\t\t\t\t\t\t\t\t<\/div>\n\t\t\t\t<\/div>\n\t\t\t\t\t<\/div>\n\t\t<\/div>\n\t\t\t\t\t<\/div>\n\t\t<\/section>\n\t\t\t\t<\/div>","protected":false},"excerpt":{"rendered":"<p>Con\u00e9ctate con otras personas y construye relaciones en Sunlight. Descubre amistades para toda la vida centradas en Jes\u00fas. Calendario de Sunlight \u00bfEst\u00e1s buscando conectarte con la comunidad de Sunlight? Encontrar\u00e1s todo lo que necesitas saber [\u2026]<\/p>","protected":false},"author":2,"featured_media":0,"parent":0,"menu_order":0,"comment_status":"closed","ping_status":"closed","template":"","meta":{"footnotes":""},"class_list":["post-979","page","type-page","status-publish","hentry"],"_links":{"self":[{"href":"https:\/\/wg.sunlightchurch.com\/es\/wp-json\/wp\/v2\/pages\/979","targetHints":{"allow":["GET"]}}],"collection":[{"href":"https:\/\/wg.sunlightchurch.com\/es\/wp-json\/wp\/v2\/pages"}],"about":[{"href":"https:\/\/wg.sunlightchurch.com\/es\/wp-json\/wp\/v2\/types\/page"}],"author":[{"embeddable":true,"href":"https:\/\/wg.sunlightchurch.com\/es\/wp-json\/wp\/v2\/users\/2"}],"replies":[{"embeddable":true,"href":"https:\/\/wg.sunlightchurch.com\/es\/wp-json\/wp\/v2\/comments?post=979"}],"version-history":[{"count":20,"href":"https:\/\/wg.sunlightchurch.com\/es\/wp-json\/wp\/v2\/pages\/979\/revisions"}],"predecessor-version":[{"id":11534,"href":"https:\/\/wg.sunlightchurch.com\/es\/wp-json\/wp\/v2\/pages\/979\/revisions\/11534"}],"wp:attachment":[{"href":"https:\/\/wg.sunlightchurch.com\/es\/wp-json\/wp\/v2\/media?parent=979"}],"curies":[{"name":"wp","href":"https:\/\/api.w.org\/{rel}","templated":true}]}}