{"id":5220,"date":"2022-08-24T11:12:52","date_gmt":"2022-08-24T15:12:52","guid":{"rendered":"https:\/\/wg.sunlightchurch.com\/?page_id=5220"},"modified":"2024-03-12T13:00:51","modified_gmt":"2024-03-12T17:00:51","slug":"prayer","status":"publish","type":"page","link":"https:\/\/wg.sunlightchurch.com\/es\/ministries\/prayer\/","title":{"rendered":"Oraci\u00f3n"},"content":{"rendered":"<div data-elementor-type=\"wp-page\" data-elementor-id=\"5220\" class=\"elementor elementor-5220\" data-elementor-post-type=\"page\">\n\t\t\t\t\t\t<section class=\"elementor-section elementor-top-section elementor-element elementor-element-a7e7873 elementor-section-boxed elementor-section-height-default elementor-section-height-default\" data-id=\"a7e7873\" data-element_type=\"section\">\n\t\t\t\t\t\t<div class=\"elementor-container elementor-column-gap-default\">\n\t\t\t\t\t<div class=\"elementor-column elementor-col-100 elementor-top-column elementor-element elementor-element-06acfa8\" data-id=\"06acfa8\" data-element_type=\"column\">\n\t\t\t<div class=\"elementor-widget-wrap elementor-element-populated\">\n\t\t\t\t\t\t<div class=\"elementor-element elementor-element-bfde42b elementor-widget elementor-widget-image\" data-id=\"bfde42b\" data-element_type=\"widget\" data-widget_type=\"image.default\">\n\t\t\t\t<div class=\"elementor-widget-container\">\n\t\t\t\t\t\t\t\t\t\t\t\t\t\t\t<img fetchpriority=\"high\" decoding=\"async\" width=\"768\" height=\"432\" src=\"https:\/\/wg.sunlightchurch.com\/wp-content\/uploads\/2023\/11\/care-ministry.003-768x432.jpeg\" class=\"attachment-medium_large size-medium_large wp-image-9282\" alt=\"\" srcset=\"https:\/\/wg.sunlightchurch.com\/wp-content\/uploads\/2023\/11\/care-ministry.003-768x432.jpeg 768w, https:\/\/wg.sunlightchurch.com\/wp-content\/uploads\/2023\/11\/care-ministry.003-300x169.jpeg 300w, https:\/\/wg.sunlightchurch.com\/wp-content\/uploads\/2023\/11\/care-ministry.003-1024x576.jpeg 1024w, https:\/\/wg.sunlightchurch.com\/wp-content\/uploads\/2023\/11\/care-ministry.003-48x27.jpeg 48w, https:\/\/wg.sunlightchurch.com\/wp-content\/uploads\/2023\/11\/care-ministry.003-1000x563.jpeg 1000w, https:\/\/wg.sunlightchurch.com\/wp-content\/uploads\/2023\/11\/care-ministry.003-600x338.jpeg 600w, https:\/\/wg.sunlightchurch.com\/wp-content\/uploads\/2023\/11\/care-ministry.003-200x113.jpeg 200w, https:\/\/wg.sunlightchurch.com\/wp-content\/uploads\/2023\/11\/care-ministry.003.jpeg 1200w\" sizes=\"(max-width: 768px) 100vw, 768px\" \/>\t\t\t\t\t\t\t\t\t\t\t\t\t\t\t<\/div>\n\t\t\t\t<\/div>\n\t\t\t\t<div class=\"elementor-element elementor-element-ba44cc5 elementor-widget elementor-widget-heading\" data-id=\"ba44cc5\" data-element_type=\"widget\" data-widget_type=\"heading.default\">\n\t\t\t\t<div class=\"elementor-widget-container\">\n\t\t\t\t\t<h3 class=\"elementor-heading-title elementor-size-large\">Peticiones de oraci\u00f3n<\/h3>\t\t\t\t<\/div>\n\t\t\t\t<\/div>\n\t\t\t\t<div class=\"elementor-element elementor-element-8e65040 elementor-widget elementor-widget-text-editor\" data-id=\"8e65040\" data-element_type=\"widget\" data-widget_type=\"text-editor.default\">\n\t\t\t\t<div class=\"elementor-widget-container\">\n\t\t\t\t\t\t\t\t\t<h3 dir=\"ltr\">\u00abA ti clamo, Dios m\u00edo, porque t\u00fa me responder\u00e1s;<br \/>\u00a0\u00a0\u00a0\u00a0Inclina a m\u00ed tu o\u00eddo y escucha mi oraci\u00f3n.\u201d Salmo 17:6<\/h3>\t\t\t\t\t\t\t\t<\/div>\n\t\t\t\t<\/div>\n\t\t\t\t<div class=\"elementor-element elementor-element-3a1e2a7 elementor-widget elementor-widget-heading\" data-id=\"3a1e2a7\" data-element_type=\"widget\" data-widget_type=\"heading.default\">\n\t\t\t\t<div class=\"elementor-widget-container\">\n\t\t\t\t\t<h3 class=\"elementor-heading-title elementor-size-large\">\u00bfC\u00f3mo podemos orar por usted?<\/h3>\t\t\t\t<\/div>\n\t\t\t\t<\/div>\n\t\t\t\t<div class=\"elementor-element elementor-element-b0a01f2 elementor-align-center elementor-widget elementor-widget-button\" data-id=\"b0a01f2\" data-element_type=\"widget\" data-widget_type=\"button.default\">\n\t\t\t\t<div class=\"elementor-widget-container\">\n\t\t\t\t\t\t\t\t\t<div class=\"elementor-button-wrapper\">\n\t\t\t\t\t<a class=\"elementor-button elementor-button-link elementor-size-md\" href=\"https:\/\/sunlightcc.churchcenter.com\/people\/forms\/711350\" target=\"_blank\">\n\t\t\t\t\t\t<span class=\"elementor-button-content-wrapper\">\n\t\t\t\t\t\t\t\t\t<span class=\"elementor-button-text\">Solicitar oraci\u00f3n<\/span>\n\t\t\t\t\t<\/span>\n\t\t\t\t\t<\/a>\n\t\t\t\t<\/div>\n\t\t\t\t\t\t\t\t<\/div>\n\t\t\t\t<\/div>\n\t\t\t\t<div class=\"elementor-element elementor-element-1572445 elementor-widget elementor-widget-text-editor\" data-id=\"1572445\" data-element_type=\"widget\" data-widget_type=\"text-editor.default\">\n\t\t\t\t<div class=\"elementor-widget-container\">\n\t\t\t\t\t\t\t\t\t<div class=\"elementor-element elementor-element-be3bc7a elementor-align-center elementor-widget elementor-widget-button\" data-id=\"be3bc7a\" data-element_type=\"widget\" data-widget_type=\"button.default\"><div class=\"elementor-widget-container\"><div class=\"elementor-button-wrapper\">Si desea enviar una solicitud de oraci\u00f3n privada, puede hacerlo. <a href=\"https:\/\/people.planningcenteronline.com\/forms\/429550\/fields\">AQU\u00cd<\/a>\u00a0<\/div><\/div><\/div>\t\t\t\t\t\t\t\t<\/div>\n\t\t\t\t<\/div>\n\t\t\t\t\t<\/div>\n\t\t<\/div>\n\t\t\t\t\t<\/div>\n\t\t<\/section>\n\t\t\t\t<section class=\"elementor-section elementor-top-section elementor-element elementor-element-d1e2caf elementor-section-boxed elementor-section-height-default elementor-section-height-default\" data-id=\"d1e2caf\" data-element_type=\"section\">\n\t\t\t\t\t\t<div class=\"elementor-container elementor-column-gap-default\">\n\t\t\t\t\t<div class=\"elementor-column elementor-col-100 elementor-top-column elementor-element elementor-element-46a3e9e\" data-id=\"46a3e9e\" data-element_type=\"column\">\n\t\t\t<div class=\"elementor-widget-wrap elementor-element-populated\">\n\t\t\t\t\t\t<div class=\"elementor-element elementor-element-0c56dbb elementor-widget elementor-widget-spacer\" data-id=\"0c56dbb\" data-element_type=\"widget\" data-widget_type=\"spacer.default\">\n\t\t\t\t<div class=\"elementor-widget-container\">\n\t\t\t\t\t\t\t<div class=\"elementor-spacer\">\n\t\t\t<div class=\"elementor-spacer-inner\"><\/div>\n\t\t<\/div>\n\t\t\t\t\t\t<\/div>\n\t\t\t\t<\/div>\n\t\t\t\t\t<\/div>\n\t\t<\/div>\n\t\t\t\t\t<\/div>\n\t\t<\/section>\n\t\t\t\t<\/div>","protected":false},"excerpt":{"rendered":"<p>Peticiones de Oraci\u00f3n \u201cA ti clamo, Dios m\u00edo, porque t\u00fa me responder\u00e1s; Inclina a m\u00ed tu o\u00eddo, y escucha mi oraci\u00f3n.\u201d Salmo 17:6 \u00bfC\u00f3mo podemos orar por ti? Petici\u00f3n de Oraci\u00f3n [\u2026]<\/p>","protected":false},"author":2,"featured_media":0,"parent":979,"menu_order":0,"comment_status":"closed","ping_status":"closed","template":"","meta":{"footnotes":""},"class_list":["post-5220","page","type-page","status-publish","hentry"],"_links":{"self":[{"href":"https:\/\/wg.sunlightchurch.com\/es\/wp-json\/wp\/v2\/pages\/5220","targetHints":{"allow":["GET"]}}],"collection":[{"href":"https:\/\/wg.sunlightchurch.com\/es\/wp-json\/wp\/v2\/pages"}],"about":[{"href":"https:\/\/wg.sunlightchurch.com\/es\/wp-json\/wp\/v2\/types\/page"}],"author":[{"embeddable":true,"href":"https:\/\/wg.sunlightchurch.com\/es\/wp-json\/wp\/v2\/users\/2"}],"replies":[{"embeddable":true,"href":"https:\/\/wg.sunlightchurch.com\/es\/wp-json\/wp\/v2\/comments?post=5220"}],"version-history":[{"count":14,"href":"https:\/\/wg.sunlightchurch.com\/es\/wp-json\/wp\/v2\/pages\/5220\/revisions"}],"predecessor-version":[{"id":11324,"href":"https:\/\/wg.sunlightchurch.com\/es\/wp-json\/wp\/v2\/pages\/5220\/revisions\/11324"}],"up":[{"embeddable":true,"href":"https:\/\/wg.sunlightchurch.com\/es\/wp-json\/wp\/v2\/pages\/979"}],"wp:attachment":[{"href":"https:\/\/wg.sunlightchurch.com\/es\/wp-json\/wp\/v2\/media?parent=5220"}],"curies":[{"name":"wp","href":"https:\/\/api.w.org\/{rel}","templated":true}]}}