{"id":2410,"date":"2020-07-31T07:52:33","date_gmt":"2020-07-31T11:52:33","guid":{"rendered":"https:\/\/wg.sunlightchurch.com\/?page_id=2410"},"modified":"2024-03-14T13:16:03","modified_gmt":"2024-03-14T17:16:03","slug":"children","status":"publish","type":"page","link":"https:\/\/wg.sunlightchurch.com\/es\/ministries\/children\/","title":{"rendered":"Ministerios Infantiles"},"content":{"rendered":"<div data-elementor-type=\"wp-page\" data-elementor-id=\"2410\" class=\"elementor elementor-2410\" data-elementor-post-type=\"page\">\n\t\t\t\t\t\t<section class=\"elementor-section elementor-top-section elementor-element elementor-element-bcd974d elementor-section-boxed elementor-section-height-default elementor-section-height-default\" data-id=\"bcd974d\" data-element_type=\"section\" data-e-type=\"section\">\n\t\t\t\t\t\t<div class=\"elementor-container elementor-column-gap-default\">\n\t\t\t\t\t<div class=\"elementor-column elementor-col-100 elementor-top-column elementor-element elementor-element-4dae145\" data-id=\"4dae145\" data-element_type=\"column\" data-e-type=\"column\">\n\t\t\t<div class=\"elementor-widget-wrap elementor-element-populated\">\n\t\t\t\t\t\t<div class=\"elementor-element elementor-element-ff39882 elementor-widget elementor-widget-image\" data-id=\"ff39882\" data-element_type=\"widget\" data-e-type=\"widget\" data-widget_type=\"image.default\">\n\t\t\t\t<div class=\"elementor-widget-container\">\n\t\t\t\t\t\t\t\t\t\t\t\t\t\t\t<img fetchpriority=\"high\" decoding=\"async\" width=\"768\" height=\"432\" src=\"https:\/\/wg.sunlightchurch.com\/wp-content\/uploads\/2024\/03\/WG-tiles.001-768x432.jpeg\" class=\"attachment-medium_large size-medium_large wp-image-11480\" alt=\"\" srcset=\"https:\/\/wg.sunlightchurch.com\/wp-content\/uploads\/2024\/03\/WG-tiles.001-768x432.jpeg 768w, https:\/\/wg.sunlightchurch.com\/wp-content\/uploads\/2024\/03\/WG-tiles.001-300x169.jpeg 300w, https:\/\/wg.sunlightchurch.com\/wp-content\/uploads\/2024\/03\/WG-tiles.001-1024x576.jpeg 1024w, https:\/\/wg.sunlightchurch.com\/wp-content\/uploads\/2024\/03\/WG-tiles.001-48x27.jpeg 48w, https:\/\/wg.sunlightchurch.com\/wp-content\/uploads\/2024\/03\/WG-tiles.001-1000x563.jpeg 1000w, https:\/\/wg.sunlightchurch.com\/wp-content\/uploads\/2024\/03\/WG-tiles.001-600x338.jpeg 600w, https:\/\/wg.sunlightchurch.com\/wp-content\/uploads\/2024\/03\/WG-tiles.001-200x113.jpeg 200w, https:\/\/wg.sunlightchurch.com\/wp-content\/uploads\/2024\/03\/WG-tiles.001-18x10.jpeg 18w, https:\/\/wg.sunlightchurch.com\/wp-content\/uploads\/2024\/03\/WG-tiles.001.jpeg 1200w\" sizes=\"(max-width: 768px) 100vw, 768px\" \/>\t\t\t\t\t\t\t\t\t\t\t\t\t\t\t<\/div>\n\t\t\t\t<\/div>\n\t\t\t\t<div class=\"elementor-element elementor-element-5ba9854 elementor-widget elementor-widget-heading\" data-id=\"5ba9854\" data-element_type=\"widget\" data-e-type=\"widget\" data-widget_type=\"heading.default\">\n\t\t\t\t<div class=\"elementor-widget-container\">\n\t\t\t\t\t<h1 class=\"elementor-heading-title elementor-size-xl\">Ministerios Infantiles<\/h1>\t\t\t\t<\/div>\n\t\t\t\t<\/div>\n\t\t\t\t<div class=\"elementor-element elementor-element-2722166 elementor-widget elementor-widget-text-editor\" data-id=\"2722166\" data-element_type=\"widget\" data-e-type=\"widget\" data-widget_type=\"text-editor.default\">\n\t\t\t\t<div class=\"elementor-widget-container\">\n\t\t\t\t\t\t\t\t\t<h2><span style=\"color: #000000;\">Asociarnos con los padres para desarrollar la fe de nuestros hijos.<\/span><\/h2>\t\t\t\t\t\t\t\t<\/div>\n\t\t\t\t<\/div>\n\t\t\t\t\t<\/div>\n\t\t<\/div>\n\t\t\t\t\t<\/div>\n\t\t<\/section>\n\t\t\t\t<section class=\"elementor-section elementor-top-section elementor-element elementor-element-725b52a4 elementor-section-boxed elementor-section-height-default elementor-section-height-default\" data-id=\"725b52a4\" data-element_type=\"section\" data-e-type=\"section\">\n\t\t\t\t\t\t<div class=\"elementor-container elementor-column-gap-default\">\n\t\t\t\t\t<div class=\"elementor-column elementor-col-100 elementor-top-column elementor-element elementor-element-12f4a291\" data-id=\"12f4a291\" data-element_type=\"column\" data-e-type=\"column\">\n\t\t\t<div class=\"elementor-widget-wrap elementor-element-populated\">\n\t\t\t\t\t\t<div class=\"elementor-element elementor-element-3beea14f elementor-widget elementor-widget-heading\" data-id=\"3beea14f\" data-element_type=\"widget\" data-e-type=\"widget\" data-widget_type=\"heading.default\">\n\t\t\t\t<div class=\"elementor-widget-container\">\n\t\t\t\t\t<h2 class=\"elementor-heading-title elementor-size-default\">Ni\u00f1os de la luz del sol<\/h2>\t\t\t\t<\/div>\n\t\t\t\t<\/div>\n\t\t\t\t<div class=\"elementor-element elementor-element-7e053384 elementor-widget elementor-widget-text-editor\" data-id=\"7e053384\" data-element_type=\"widget\" data-e-type=\"widget\" data-widget_type=\"text-editor.default\">\n\t\t\t\t<div class=\"elementor-widget-container\">\n\t\t\t\t\t\t\t\t\t<p>\u00a1Nadie tendr\u00e1 m\u00e1s influencia en tu hijo que t\u00fa! Creemos que lo que sucede en casa es m\u00e1s importante que lo que sucede en la iglesia. Esperamos poder asociarnos con usted desde el principio. Queremos ser sus mayores admiradores, sus m\u00e1s firmes partidarios y sus gu\u00edas confiables mientras cr\u00eda a su hijo para que sepa lo que significa tener una relaci\u00f3n personal con Jesucristo.<\/p><p>\u00a0<\/p><p>Sunlight Kids se re\u00fane durante cada servicio los domingos por la ma\u00f1ana y es el lugar donde sus hijos estar\u00e1n seguros, se divertir\u00e1n y aprender\u00e1n sobre Jes\u00fas a su nivel. \u00a1Los ni\u00f1os desde el nacimiento hasta el quinto grado tienen experiencias emocionantes durante cada uno de nuestros horarios de servicios!<\/p><p>\u00a0<\/p><p>Contin\u00fae desplaz\u00e1ndose hacia abajo para obtener m\u00e1s informaci\u00f3n sobre Sunlight Kids o elija una de las siguientes opciones:<\/p>\t\t\t\t\t\t\t\t<\/div>\n\t\t\t\t<\/div>\n\t\t\t\t<div class=\"elementor-element elementor-element-df7f174 elementor-widget elementor-widget-spacer\" data-id=\"df7f174\" data-element_type=\"widget\" data-e-type=\"widget\" data-widget_type=\"spacer.default\">\n\t\t\t\t<div class=\"elementor-widget-container\">\n\t\t\t\t\t\t\t<div class=\"elementor-spacer\">\n\t\t\t<div class=\"elementor-spacer-inner\"><\/div>\n\t\t<\/div>\n\t\t\t\t\t\t<\/div>\n\t\t\t\t<\/div>\n\t\t\t\t<div class=\"elementor-element elementor-element-568832c elementor-widget elementor-widget-heading\" data-id=\"568832c\" data-element_type=\"widget\" data-e-type=\"widget\" data-widget_type=\"heading.default\">\n\t\t\t\t<div class=\"elementor-widget-container\">\n\t\t\t\t\t<h1 class=\"elementor-heading-title elementor-size-xl\">Domingo por la ma\u00f1ana<\/h1>\t\t\t\t<\/div>\n\t\t\t\t<\/div>\n\t\t\t\t<div class=\"elementor-element elementor-element-3a38974 elementor-align-center elementor-widget elementor-widget-button\" data-id=\"3a38974\" data-element_type=\"widget\" data-e-type=\"widget\" data-widget_type=\"button.default\">\n\t\t\t\t<div class=\"elementor-widget-container\">\n\t\t\t\t\t\t\t\t\t<div class=\"elementor-button-wrapper\">\n\t\t\t\t\t<a class=\"elementor-button elementor-button-link elementor-size-sm elementor-animation-float\" href=\"https:\/\/sunlightcc.churchcenter.com\/registrations\/events\/2202084\">\n\t\t\t\t\t\t<span class=\"elementor-button-content-wrapper\">\n\t\t\t\t\t\t\t\t\t<span class=\"elementor-button-text\">Reg\u00edstrese para la iglesia para ni\u00f1os aqu\u00ed<\/span>\n\t\t\t\t\t<\/span>\n\t\t\t\t\t<\/a>\n\t\t\t\t<\/div>\n\t\t\t\t\t\t\t\t<\/div>\n\t\t\t\t<\/div>\n\t\t\t\t\t<\/div>\n\t\t<\/div>\n\t\t\t\t\t<\/div>\n\t\t<\/section>\n\t\t\t\t<section class=\"elementor-section elementor-top-section elementor-element elementor-element-624b2209 elementor-section-boxed elementor-section-height-default elementor-section-height-default\" data-id=\"624b2209\" data-element_type=\"section\" data-e-type=\"section\">\n\t\t\t\t\t\t<div class=\"elementor-container elementor-column-gap-default\">\n\t\t\t\t\t<div class=\"elementor-column elementor-col-50 elementor-top-column elementor-element elementor-element-21293665\" data-id=\"21293665\" data-element_type=\"column\" data-e-type=\"column\">\n\t\t\t<div class=\"elementor-widget-wrap elementor-element-populated\">\n\t\t\t\t\t\t<div class=\"elementor-element elementor-element-1b837bf1 elementor-widget elementor-widget-text-editor\" data-id=\"1b837bf1\" data-element_type=\"widget\" data-e-type=\"widget\" data-widget_type=\"text-editor.default\">\n\t\t\t\t<div class=\"elementor-widget-container\">\n\t\t\t\t\t\t\t\t\t<p>SHINE Kid&#039;s Church es una experiencia dominical por la ma\u00f1ana donde los ni\u00f1os pueden divertirse, hacer amigos y encontrar un lugar al que pertenecer. Los l\u00edderes de grupos peque\u00f1os tienen como objetivo ayudar a los ni\u00f1os a CREER en Dios y comprender lo que significa vivir como cristiano.\u00a0<\/p>\t\t\t\t\t\t\t\t<\/div>\n\t\t\t\t<\/div>\n\t\t\t\t<div class=\"elementor-element elementor-element-891b196 elementor-widget elementor-widget-text-editor\" data-id=\"891b196\" data-element_type=\"widget\" data-e-type=\"widget\" data-widget_type=\"text-editor.default\">\n\t\t\t\t<div class=\"elementor-widget-container\">\n\t\t\t\t\t\t\t\t\t<p>Si es tu primera vez, reg\u00edstrate en l\u00ednea o puedes registrarte en persona en el mostrador.\u00a0<\/p>\t\t\t\t\t\t\t\t<\/div>\n\t\t\t\t<\/div>\n\t\t\t\t\t<\/div>\n\t\t<\/div>\n\t\t\t\t<div class=\"elementor-column elementor-col-50 elementor-top-column elementor-element elementor-element-7a689f7d\" data-id=\"7a689f7d\" data-element_type=\"column\" data-e-type=\"column\">\n\t\t\t<div class=\"elementor-widget-wrap elementor-element-populated\">\n\t\t\t\t\t\t<div class=\"elementor-element elementor-element-9a90f81 elementor-widget elementor-widget-text-editor\" data-id=\"9a90f81\" data-element_type=\"widget\" data-e-type=\"widget\" data-widget_type=\"text-editor.default\">\n\t\t\t\t<div class=\"elementor-widget-container\">\n\t\t\t\t\t\t\t\t\t<p>Contamos con grupos disponibles para infantes- 5to grado.<br \/><br \/>Guarder\u00eda: 0-2<br \/>Preescolar: 3&#039;s y VPK\u00a0<br \/>Primaria: grados K-5<\/p>\t\t\t\t\t\t\t\t<\/div>\n\t\t\t\t<\/div>\n\t\t\t\t\t<\/div>\n\t\t<\/div>\n\t\t\t\t\t<\/div>\n\t\t<\/section>\n\t\t\t\t<\/div>","protected":false},"excerpt":{"rendered":"<p>Children&#8217;s Ministries Partnering with parents to develop our children&#8217;s faith. Sunlight Kids No one will have more influence on your child than you! We believe that what happens at home [&hellip;]<\/p>\n","protected":false},"author":2,"featured_media":0,"parent":979,"menu_order":0,"comment_status":"closed","ping_status":"closed","template":"","meta":{"footnotes":""},"class_list":["post-2410","page","type-page","status-publish","hentry"],"_links":{"self":[{"href":"https:\/\/wg.sunlightchurch.com\/es\/wp-json\/wp\/v2\/pages\/2410","targetHints":{"allow":["GET"]}}],"collection":[{"href":"https:\/\/wg.sunlightchurch.com\/es\/wp-json\/wp\/v2\/pages"}],"about":[{"href":"https:\/\/wg.sunlightchurch.com\/es\/wp-json\/wp\/v2\/types\/page"}],"author":[{"embeddable":true,"href":"https:\/\/wg.sunlightchurch.com\/es\/wp-json\/wp\/v2\/users\/2"}],"replies":[{"embeddable":true,"href":"https:\/\/wg.sunlightchurch.com\/es\/wp-json\/wp\/v2\/comments?post=2410"}],"version-history":[{"count":14,"href":"https:\/\/wg.sunlightchurch.com\/es\/wp-json\/wp\/v2\/pages\/2410\/revisions"}],"predecessor-version":[{"id":11543,"href":"https:\/\/wg.sunlightchurch.com\/es\/wp-json\/wp\/v2\/pages\/2410\/revisions\/11543"}],"up":[{"embeddable":true,"href":"https:\/\/wg.sunlightchurch.com\/es\/wp-json\/wp\/v2\/pages\/979"}],"wp:attachment":[{"href":"https:\/\/wg.sunlightchurch.com\/es\/wp-json\/wp\/v2\/media?parent=2410"}],"curies":[{"name":"wp","href":"https:\/\/api.w.org\/{rel}","templated":true}]}}