{"id":147,"date":"2020-03-21T05:18:11","date_gmt":"2020-03-21T02:18:11","guid":{"rendered":"https:\/\/wg.sunlightchurch.com\/?page_id=147"},"modified":"2023-12-01T16:17:10","modified_gmt":"2023-12-01T21:17:10","slug":"our-beliefs","status":"publish","type":"page","link":"https:\/\/wg.sunlightchurch.com\/es\/about\/our-beliefs\/","title":{"rendered":"Nuestras creencias"},"content":{"rendered":"<div data-elementor-type=\"wp-page\" data-elementor-id=\"147\" class=\"elementor elementor-147\" data-elementor-post-type=\"page\">\n\t\t\t\t\t\t<section class=\"elementor-section elementor-top-section elementor-element elementor-element-304cd70 elementor-section-boxed elementor-section-height-default elementor-section-height-default\" data-id=\"304cd70\" data-element_type=\"section\">\n\t\t\t\t\t\t<div class=\"elementor-container elementor-column-gap-default\">\n\t\t\t\t\t<div class=\"elementor-column elementor-col-100 elementor-top-column elementor-element elementor-element-8bc5cbc\" data-id=\"8bc5cbc\" data-element_type=\"column\">\n\t\t\t<div class=\"elementor-widget-wrap elementor-element-populated\">\n\t\t\t\t\t\t<div class=\"elementor-element elementor-element-7b356b0 elementor-widget elementor-widget-spacer\" data-id=\"7b356b0\" data-element_type=\"widget\" data-widget_type=\"spacer.default\">\n\t\t\t\t<div class=\"elementor-widget-container\">\n\t\t\t\t\t\t\t<div class=\"elementor-spacer\">\n\t\t\t<div class=\"elementor-spacer-inner\"><\/div>\n\t\t<\/div>\n\t\t\t\t\t\t<\/div>\n\t\t\t\t<\/div>\n\t\t\t\t<div class=\"elementor-element elementor-element-7fdeaf5 elementor-widget elementor-widget-text-editor\" data-id=\"7fdeaf5\" data-element_type=\"widget\" data-widget_type=\"text-editor.default\">\n\t\t\t\t<div class=\"elementor-widget-container\">\n\t\t\t\t\t\t\t\t\t<h1 style=\"text-align: center;\"><span style=\"color: #ff6600;\">Nuestras creencias: \u201cPecado, salvaci\u00f3n, servicio\u201d<\/span><\/h1><h2>\u00a0<\/h2><h2 style=\"text-align: center;\"><span style=\"color: #ff6600;\">PECADO<\/span><\/h2><h3>Creemos que como resultado de la ca\u00edda, cada ser humano tiene una naturaleza pecaminosa y no est\u00e1 a la altura.<\/h3><p style=\"padding-left: 40px;\">Dios tiene un problema conmigo porque no estoy a la altura de su modelo perfecto. Aunque Dios cre\u00f3 a los seres humanos buenos y a su imagen, yo he quebrantado la ley en repetidas ocasiones, cometiendo delitos contra \u00c9l y contra otros con mis pensamientos, palabras y acciones. Tengo una tendencia natural a odiar a Dios y a mi pr\u00f3jimo.<\/p><h3>Creemos que Dios es justo y recto. Esto tiene como consecuencia mi castigo, es decir, la muerte.<\/h3><p style=\"padding-left: 40px;\">Dios es justo y perfecto. Mi pecado es una barrera para Su abrazo. Dios es justo y debe castigar cada pecado que he cometido o cometer\u00e9. El castigo es la muerte, el castigo eterno del cuerpo y del alma.<\/p><h3>Creemos que las buenas obras no funcionan.<\/h3><p style=\"padding-left: 40px;\">No hay nada que pueda hacer para ser aceptable a Dios, por mucho que lo intente o por muy religiosa que me vuelva. En realidad, mi culpa aumenta cada d\u00eda.<\/p><h2>\u00a0<\/h2><h2 style=\"text-align: center;\"><span style=\"color: #ff6600;\">SALVACI\u00d3N<\/span><\/h2><h3>Creemos que Dios es amoroso y misericordioso, por eso proporcion\u00f3 un sustituto.<\/h3><p style=\"padding-left: 40px;\">En su amor, Dios provey\u00f3 un sustituto, alguien que tomara el castigo por m\u00ed. Ninguna otra criatura podr\u00eda realizar esta obra, por eso Dios Padre envi\u00f3 a Dios Hijo para que fuera este sustituto.<\/p><h3>Creemos que Jes\u00fas es el sustituto perfecto.<\/h3><p style=\"padding-left: 40px;\">1. Verdaderamente humano y verdaderamente justo: Jes\u00fas fue plenamente humano y vivi\u00f3 una vida sin pecado. La naturaleza humana, que ha pecado, debe pagar por su pecado. Un pecador nunca podr\u00eda pagar por otro pecador.<br \/>2. Dios verdadero: S\u00f3lo por el poder de su divinidad pudo Cristo soportar el peso de la ira de Dios.<\/p><h3>Creemos que Cristo muri\u00f3 y resucit\u00f3.<\/h3><p style=\"padding-left: 40px;\">Dios puso mis pecados sobre Jes\u00fas y lo castig\u00f3 en mi lugar en la cruz. Jes\u00fas muri\u00f3 y fue sepultado. Al tercer d\u00eda resucit\u00f3 de entre los muertos, lo que demuestra que mis dos enemigos, el pecado y la muerte, han sido completamente vencidos. Esto garantiza mi gloriosa resurrecci\u00f3n.<\/p><h2>\u00a0<\/h2><h2 style=\"text-align: center;\"><span style=\"color: #ff6600;\">SERVICIO<\/span><\/h2><h3>Creemos que Jes\u00fas nos invita a una nueva vida a trav\u00e9s del arrepentimiento y la conversi\u00f3n.<\/h3><p style=\"padding-left: 40px;\">Jes\u00fas ofrece el perd\u00f3n de los pecados y el don de la vida eterna a quienes, por obra del Esp\u00edritu y con verdadera fe, conf\u00edan en \u00c9l. Jes\u00fas los salva del pecado y de la condenaci\u00f3n eterna para una nueva vida vivida con \u00c9l y para \u00c9l.<\/p><h3>Creemos que somos salvos para hacer buenas obras.<\/h3><p style=\"padding-left: 40px;\">Cristo por Su Esp\u00edritu me est\u00e1 renovando para ser como \u00c9l para que:<br \/>a. Con mi vida demuestro que estoy agradecido a Dios y lo alabo.<br \/>b. Por las buenas obras estoy seguro de mi fe por sus frutos.<br \/>c. Otros pueden ser ganados para Cristo.<\/p>\t\t\t\t\t\t\t\t<\/div>\n\t\t\t\t<\/div>\n\t\t\t\t\t<\/div>\n\t\t<\/div>\n\t\t\t\t\t<\/div>\n\t\t<\/section>\n\t\t\t\t<section class=\"elementor-section elementor-top-section elementor-element elementor-element-cbf1000 elementor-section-boxed elementor-section-height-default elementor-section-height-default\" data-id=\"cbf1000\" data-element_type=\"section\">\n\t\t\t\t\t\t<div class=\"elementor-container elementor-column-gap-default\">\n\t\t\t\t\t<div class=\"elementor-column elementor-col-100 elementor-top-column elementor-element elementor-element-6e05d3c\" data-id=\"6e05d3c\" data-element_type=\"column\">\n\t\t\t<div class=\"elementor-widget-wrap elementor-element-populated\">\n\t\t\t\t\t\t<div class=\"elementor-element elementor-element-f13851b elementor-widget elementor-widget-spacer\" data-id=\"f13851b\" data-element_type=\"widget\" data-widget_type=\"spacer.default\">\n\t\t\t\t<div class=\"elementor-widget-container\">\n\t\t\t\t\t\t\t<div class=\"elementor-spacer\">\n\t\t\t<div class=\"elementor-spacer-inner\"><\/div>\n\t\t<\/div>\n\t\t\t\t\t\t<\/div>\n\t\t\t\t<\/div>\n\t\t\t\t\t<\/div>\n\t\t<\/div>\n\t\t\t\t\t<\/div>\n\t\t<\/section>\n\t\t\t\t<\/div>","protected":false},"excerpt":{"rendered":"<p>Nuestras Creencias: \u201cPecado, Salvaci\u00f3n, Servicio\u201d PECADO Creemos que como resultado de la ca\u00edda, cada ser humano tiene una naturaleza pecaminosa y no est\u00e1 a la altura. Dios tiene una [\u2026]<\/p>","protected":false},"author":2,"featured_media":0,"parent":3890,"menu_order":0,"comment_status":"closed","ping_status":"closed","template":"","meta":{"footnotes":""},"class_list":["post-147","page","type-page","status-publish","hentry"],"_links":{"self":[{"href":"https:\/\/wg.sunlightchurch.com\/es\/wp-json\/wp\/v2\/pages\/147","targetHints":{"allow":["GET"]}}],"collection":[{"href":"https:\/\/wg.sunlightchurch.com\/es\/wp-json\/wp\/v2\/pages"}],"about":[{"href":"https:\/\/wg.sunlightchurch.com\/es\/wp-json\/wp\/v2\/types\/page"}],"author":[{"embeddable":true,"href":"https:\/\/wg.sunlightchurch.com\/es\/wp-json\/wp\/v2\/users\/2"}],"replies":[{"embeddable":true,"href":"https:\/\/wg.sunlightchurch.com\/es\/wp-json\/wp\/v2\/comments?post=147"}],"version-history":[{"count":5,"href":"https:\/\/wg.sunlightchurch.com\/es\/wp-json\/wp\/v2\/pages\/147\/revisions"}],"predecessor-version":[{"id":5833,"href":"https:\/\/wg.sunlightchurch.com\/es\/wp-json\/wp\/v2\/pages\/147\/revisions\/5833"}],"up":[{"embeddable":true,"href":"https:\/\/wg.sunlightchurch.com\/es\/wp-json\/wp\/v2\/pages\/3890"}],"wp:attachment":[{"href":"https:\/\/wg.sunlightchurch.com\/es\/wp-json\/wp\/v2\/media?parent=147"}],"curies":[{"name":"wp","href":"https:\/\/api.w.org\/{rel}","templated":true}]}}