{"id":11487,"date":"2024-03-14T11:46:26","date_gmt":"2024-03-14T15:46:26","guid":{"rendered":"https:\/\/wg.sunlightchurch.com\/?page_id=11487"},"modified":"2024-05-22T16:28:34","modified_gmt":"2024-05-22T20:28:34","slug":"bible-studies","status":"publish","type":"page","link":"https:\/\/wg.sunlightchurch.com\/es\/ministries\/bible-studies\/","title":{"rendered":"Estudios b\u00edblicos"},"content":{"rendered":"<div data-elementor-type=\"wp-page\" data-elementor-id=\"11487\" class=\"elementor elementor-11487\" data-elementor-post-type=\"page\">\n\t\t\t\t\t\t<section class=\"elementor-section elementor-top-section elementor-element elementor-element-14d1c48 elementor-section-boxed elementor-section-height-default elementor-section-height-default\" data-id=\"14d1c48\" data-element_type=\"section\">\n\t\t\t\t\t\t<div class=\"elementor-container elementor-column-gap-default\">\n\t\t\t\t\t<div class=\"elementor-column elementor-col-100 elementor-top-column elementor-element elementor-element-0c8f28d\" data-id=\"0c8f28d\" data-element_type=\"column\">\n\t\t\t<div class=\"elementor-widget-wrap elementor-element-populated\">\n\t\t\t\t\t\t<div class=\"elementor-element elementor-element-abbd462 elementor-widget elementor-widget-image\" data-id=\"abbd462\" data-element_type=\"widget\" data-widget_type=\"image.default\">\n\t\t\t\t<div class=\"elementor-widget-container\">\n\t\t\t\t\t\t\t\t\t\t\t\t\t\t\t<img decoding=\"async\" src=\"https:\/\/wg.sunlightchurch.com\/wp-content\/uploads\/elementor\/thumbs\/care-ministry.002-r3h6nlozq4kfidl5tz3ndfygwtgctzjraaeh34vss0.jpeg\" title=\"Ministerio de cuidados\" alt=\"Prayer team\" loading=\"lazy\" \/>\t\t\t\t\t\t\t\t\t\t\t\t\t\t\t<\/div>\n\t\t\t\t<\/div>\n\t\t\t\t<div class=\"elementor-element elementor-element-be860a7 elementor-widget elementor-widget-heading\" data-id=\"be860a7\" data-element_type=\"widget\" data-widget_type=\"heading.default\">\n\t\t\t\t<div class=\"elementor-widget-container\">\n\t\t\t\t\t<h5 class=\"elementor-heading-title elementor-size-xxl\">Estudios b\u00edblicos<\/h5>\t\t\t\t<\/div>\n\t\t\t\t<\/div>\n\t\t\t\t<div class=\"elementor-element elementor-element-b83cb97 elementor-widget elementor-widget-heading\" data-id=\"b83cb97\" data-element_type=\"widget\" data-widget_type=\"heading.default\">\n\t\t\t\t<div class=\"elementor-widget-container\">\n\t\t\t\t\t<h6 class=\"elementor-heading-title elementor-size-medium\"><span style=\", Roboto, arial, sans-serif;font-size: 20px;font-weight: 400;text-align: left\">Porque todo lo que se escribi\u00f3 en tiempos pasados, para nuestra ense\u00f1anza se escribi\u00f3, a fin de que por la paciencia y la consolaci\u00f3n de las Escrituras, tengamos esperanza.<\/span> Romanos 15:4<\/h6>\t\t\t\t<\/div>\n\t\t\t\t<\/div>\n\t\t\t\t\t<\/div>\n\t\t<\/div>\n\t\t\t\t\t<\/div>\n\t\t<\/section>\n\t\t\t\t<section class=\"elementor-section elementor-top-section elementor-element elementor-element-eab4c04 elementor-section-boxed elementor-section-height-default elementor-section-height-default\" data-id=\"eab4c04\" data-element_type=\"section\">\n\t\t\t\t\t\t<div class=\"elementor-container elementor-column-gap-default\">\n\t\t\t\t\t<div class=\"elementor-column elementor-col-50 elementor-top-column elementor-element elementor-element-4d434a5\" data-id=\"4d434a5\" data-element_type=\"column\">\n\t\t\t<div class=\"elementor-widget-wrap elementor-element-populated\">\n\t\t\t\t\t\t<div class=\"elementor-element elementor-element-1716bd6 elementor-widget elementor-widget-image\" data-id=\"1716bd6\" data-element_type=\"widget\" data-widget_type=\"image.default\">\n\t\t\t\t<div class=\"elementor-widget-container\">\n\t\t\t\t\t\t\t\t\t\t\t\t\t\t\t<img fetchpriority=\"high\" decoding=\"async\" width=\"1200\" height=\"675\" src=\"https:\/\/wg.sunlightchurch.com\/wp-content\/uploads\/2024\/03\/WG-bible-studies-stock.002.jpeg\" class=\"attachment-1536x1536 size-1536x1536 wp-image-11490\" alt=\"\" srcset=\"https:\/\/wg.sunlightchurch.com\/wp-content\/uploads\/2024\/03\/WG-bible-studies-stock.002.jpeg 1200w, https:\/\/wg.sunlightchurch.com\/wp-content\/uploads\/2024\/03\/WG-bible-studies-stock.002-300x169.jpeg 300w, https:\/\/wg.sunlightchurch.com\/wp-content\/uploads\/2024\/03\/WG-bible-studies-stock.002-1024x576.jpeg 1024w, https:\/\/wg.sunlightchurch.com\/wp-content\/uploads\/2024\/03\/WG-bible-studies-stock.002-768x432.jpeg 768w, https:\/\/wg.sunlightchurch.com\/wp-content\/uploads\/2024\/03\/WG-bible-studies-stock.002-48x27.jpeg 48w, https:\/\/wg.sunlightchurch.com\/wp-content\/uploads\/2024\/03\/WG-bible-studies-stock.002-1000x563.jpeg 1000w, https:\/\/wg.sunlightchurch.com\/wp-content\/uploads\/2024\/03\/WG-bible-studies-stock.002-600x338.jpeg 600w, https:\/\/wg.sunlightchurch.com\/wp-content\/uploads\/2024\/03\/WG-bible-studies-stock.002-200x113.jpeg 200w, https:\/\/wg.sunlightchurch.com\/wp-content\/uploads\/2024\/03\/WG-bible-studies-stock.002-18x10.jpeg 18w\" sizes=\"(max-width: 1200px) 100vw, 1200px\" \/>\t\t\t\t\t\t\t\t\t\t\t\t\t\t\t<\/div>\n\t\t\t\t<\/div>\n\t\t\t\t<div class=\"elementor-element elementor-element-3c7e120 elementor-widget elementor-widget-heading\" data-id=\"3c7e120\" data-element_type=\"widget\" data-widget_type=\"heading.default\">\n\t\t\t\t<div class=\"elementor-widget-container\">\n\t\t\t\t\t<h2 class=\"elementor-heading-title elementor-size-default\">Lectura p\u00fablica de las Sagradas Escrituras<\/h2>\t\t\t\t<\/div>\n\t\t\t\t<\/div>\n\t\t\t\t<div class=\"elementor-element elementor-element-61203ae elementor-widget elementor-widget-text-editor\" data-id=\"61203ae\" data-element_type=\"widget\" data-widget_type=\"text-editor.default\">\n\t\t\t\t<div class=\"elementor-widget-container\">\n\t\t\t\t\t\t\t\t\t<p><span style=\"font-weight: 400;\">Todos los martes (a partir del 4 de junio) a las 12:00 horas nos reuniremos para leer la Biblia juntos en el grupo de Lectura P\u00fablica de las Escrituras. <span class=\"OYPEnA text-decoration-none text-strikethrough-none\">La lectura p\u00fablica de las Sagradas Escrituras (PROS, por sus siglas en ingl\u00e9s) es la pr\u00e1ctica b\u00edblica de escuchar la Biblia juntos. Escucharemos y leeremos la Biblia juntos y luego tendremos un breve momento de debate, todo en el lapso de una hora.<\/span><\/span><\/p>\t\t\t\t\t\t\t\t<\/div>\n\t\t\t\t<\/div>\n\t\t\t\t\t<\/div>\n\t\t<\/div>\n\t\t\t\t<div class=\"elementor-column elementor-col-50 elementor-top-column elementor-element elementor-element-0be31b9\" data-id=\"0be31b9\" data-element_type=\"column\">\n\t\t\t<div class=\"elementor-widget-wrap elementor-element-populated\">\n\t\t\t\t\t\t<div class=\"elementor-element elementor-element-ec5a9a0 elementor-widget elementor-widget-image\" data-id=\"ec5a9a0\" data-element_type=\"widget\" data-widget_type=\"image.default\">\n\t\t\t\t<div class=\"elementor-widget-container\">\n\t\t\t\t\t\t\t\t\t\t\t\t\t\t\t<img decoding=\"async\" width=\"800\" height=\"450\" src=\"https:\/\/wg.sunlightchurch.com\/wp-content\/uploads\/2024\/03\/WG-bible-studies-stock.001-1024x576.jpeg\" class=\"attachment-large size-large wp-image-11489\" alt=\"\" srcset=\"https:\/\/wg.sunlightchurch.com\/wp-content\/uploads\/2024\/03\/WG-bible-studies-stock.001-1024x576.jpeg 1024w, https:\/\/wg.sunlightchurch.com\/wp-content\/uploads\/2024\/03\/WG-bible-studies-stock.001-300x169.jpeg 300w, https:\/\/wg.sunlightchurch.com\/wp-content\/uploads\/2024\/03\/WG-bible-studies-stock.001-768x432.jpeg 768w, https:\/\/wg.sunlightchurch.com\/wp-content\/uploads\/2024\/03\/WG-bible-studies-stock.001-48x27.jpeg 48w, https:\/\/wg.sunlightchurch.com\/wp-content\/uploads\/2024\/03\/WG-bible-studies-stock.001-1000x563.jpeg 1000w, https:\/\/wg.sunlightchurch.com\/wp-content\/uploads\/2024\/03\/WG-bible-studies-stock.001-600x338.jpeg 600w, https:\/\/wg.sunlightchurch.com\/wp-content\/uploads\/2024\/03\/WG-bible-studies-stock.001-200x113.jpeg 200w, https:\/\/wg.sunlightchurch.com\/wp-content\/uploads\/2024\/03\/WG-bible-studies-stock.001-18x10.jpeg 18w, https:\/\/wg.sunlightchurch.com\/wp-content\/uploads\/2024\/03\/WG-bible-studies-stock.001.jpeg 1200w\" sizes=\"(max-width: 800px) 100vw, 800px\" \/>\t\t\t\t\t\t\t\t\t\t\t\t\t\t\t<\/div>\n\t\t\t\t<\/div>\n\t\t\t\t<div class=\"elementor-element elementor-element-1a73cb0 elementor-widget elementor-widget-heading\" data-id=\"1a73cb0\" data-element_type=\"widget\" data-widget_type=\"heading.default\">\n\t\t\t\t<div class=\"elementor-widget-container\">\n\t\t\t\t\t<h2 class=\"elementor-heading-title elementor-size-default\">Jueves a las 19:00 horas<\/h2>\t\t\t\t<\/div>\n\t\t\t\t<\/div>\n\t\t\t\t<div class=\"elementor-element elementor-element-7985c89 elementor-widget elementor-widget-text-editor\" data-id=\"7985c89\" data-element_type=\"widget\" data-widget_type=\"text-editor.default\">\n\t\t\t\t<div class=\"elementor-widget-container\">\n\t\t\t\t\t\t\t\t\t<p><span style=\"font-weight: 400;\">Los pastores Juan y Jason dirigen un estudio b\u00edblico en ingl\u00e9s los jueves por la noche en la iglesia. Para obtener m\u00e1s informaci\u00f3n, env\u00ede un correo electr\u00f3nico a juan@sunlightcc.org o jason@sunlightcc.org<\/span><\/p>\t\t\t\t\t\t\t\t<\/div>\n\t\t\t\t<\/div>\n\t\t\t\t\t<\/div>\n\t\t<\/div>\n\t\t\t\t\t<\/div>\n\t\t<\/section>\n\t\t\t\t<\/div>","protected":false},"excerpt":{"rendered":"<p>Estudios B\u00edblicos Porque todo lo que se escribi\u00f3 en el pasado, para nuestra ense\u00f1anza se escribi\u00f3, a fin de que por la paciencia y la consolaci\u00f3n que contienen las Escrituras, [\u2026]<\/p>","protected":false},"author":2,"featured_media":0,"parent":979,"menu_order":0,"comment_status":"closed","ping_status":"closed","template":"","meta":{"footnotes":""},"class_list":["post-11487","page","type-page","status-publish","hentry"],"_links":{"self":[{"href":"https:\/\/wg.sunlightchurch.com\/es\/wp-json\/wp\/v2\/pages\/11487","targetHints":{"allow":["GET"]}}],"collection":[{"href":"https:\/\/wg.sunlightchurch.com\/es\/wp-json\/wp\/v2\/pages"}],"about":[{"href":"https:\/\/wg.sunlightchurch.com\/es\/wp-json\/wp\/v2\/types\/page"}],"author":[{"embeddable":true,"href":"https:\/\/wg.sunlightchurch.com\/es\/wp-json\/wp\/v2\/users\/2"}],"replies":[{"embeddable":true,"href":"https:\/\/wg.sunlightchurch.com\/es\/wp-json\/wp\/v2\/comments?post=11487"}],"version-history":[{"count":13,"href":"https:\/\/wg.sunlightchurch.com\/es\/wp-json\/wp\/v2\/pages\/11487\/revisions"}],"predecessor-version":[{"id":12177,"href":"https:\/\/wg.sunlightchurch.com\/es\/wp-json\/wp\/v2\/pages\/11487\/revisions\/12177"}],"up":[{"embeddable":true,"href":"https:\/\/wg.sunlightchurch.com\/es\/wp-json\/wp\/v2\/pages\/979"}],"wp:attachment":[{"href":"https:\/\/wg.sunlightchurch.com\/es\/wp-json\/wp\/v2\/media?parent=11487"}],"curies":[{"name":"wp","href":"https:\/\/api.w.org\/{rel}","templated":true}]}}